{"id":4097,"date":"2017-08-31T16:23:51","date_gmt":"2017-08-31T16:23:51","guid":{"rendered":"http:\/\/jofer.pro\/?page_id=4097"},"modified":"2018-01-11T12:26:39","modified_gmt":"2018-01-11T12:26:39","slug":"control","status":"publish","type":"page","link":"https:\/\/jofer.pro\/en\/control\/","title":{"rendered":"Control Systems"},"content":{"rendered":"<p><a href=\"https:\/\/jofer.pro\/areas\/\">Services<\/a> &#8211; <span style=\"color: #f4e610; font-size: 19px; font-weight: bold;\">Control Systems<br \/>\n<\/span><\/p>\n<p><span id=\"result_box\" class=\"\" lang=\"en\"><span title=\"El avance de la tecnolog\u00eda y sumado a la complejidad de las instalaciones que se pueden llegar a ejecutar, hace que en muchos casos sea imprescindible un sistema de control.\">The advance of the technology and added to the complexity of the facilities that can be executed, makes that in many cases a control system is essential. <\/span><span title=\"Desde Jofer, son especialistas en la integraci\u00f3n e implantaci\u00f3n de sistemas de control KNX, StruxureWare y sistemas de control dom\u00e9sticos como AirZone o Air Nova. \">From Jofer, they are specialists in the integration and implementation of KNX control systems, StruxureWare and domestic control systems such as AirZone or Air Nova.<\/span><\/span><\/p>\n<p><span title=\"Los sistemas de control ofrecen informaci\u00f3n en tiempo real de las instalaciones y con una buena programaci\u00f3n de los mismos pueden llegar a tomar decisiones en funci\u00f3n de los par\u00e1metros externos.\">The control systems offer information in real time of the facilities and with a good programming of the same they can arrive to take decisions based on the external parameters. <\/span><span title=\"Esto garantiza la optimizaci\u00f3n de los sistemas en todo momento, con las mejoras en confort y eficiencia que esto supone. \">This guarantees the optimization of the systems at all times, with the improvements in comfort and efficiency that this entails.<\/span><\/p>\n<p><span title=\"Jofer elige la plataforma de programaci\u00f3n m\u00e1s adecuada para cada proyecto de modo que se pueda controlar elementos dom\u00f3ticos como una climatizaci\u00f3n b\u00e1sica, iluminaci\u00f3n, persianas, etc, o para gestionar instalaciones complejas.\">Jofer chooses the most appropriate programming platform for each project so that domotic elements such as basic air conditioning, lighting, blinds, etc. can be controlled, or to manage complex installations. <\/span><span title=\"En todos los casos el objetivo es conseguir una plataforma sencilla para el usuario de modo que los datos m\u00e1s complejos queden ocultos aunque la empresa si pueda acceder a ellos para verificar el correcto funcionamiento, realizar trabajos de mantenimiento telem\u00e1ticamente o realizar modificaciones en la configuraci\u00f3n si el\">In all cases, the goal is to achieve a simple platform for the user so that the most complex data is hidden, even if the company can access it to verify correct operation, carry out maintenance work telematically or make modifications to the configuration if the <\/span><span title=\"cliente lo requiriese.\">client required it.<\/span><\/p>","protected":false},"excerpt":{"rendered":"<p>Services &#8211; Control Systems The advance of the technology and added to the complexity of the facilities that can be executed, makes that in many cases a control system is essential. From Jofer, they are specialists in the integration and implementation of KNX control systems, StruxureWare and domestic control systems such as AirZone or Air&#8230; <\/p>\n<div class=\"clear\"><\/div>\n<p><a href=\"https:\/\/jofer.pro\/en\/control\/\" class=\"excerpt-read-more\">Learn More<i class=\"fa fa-angle-double-right icon-double-angle-right\"><\/i><\/a><\/p>\n","protected":false},"author":3,"featured_media":0,"parent":0,"menu_order":0,"comment_status":"closed","ping_status":"closed","template":"","meta":{"footnotes":""},"class_list":["post-4097","page","type-page","status-publish","hentry"],"yoast_head":"<!-- This site is optimized with the Yoast SEO plugin v26.5 - https:\/\/yoast.com\/wordpress\/plugins\/seo\/ -->\n<title>Control Systems - Jofer<\/title>\n<meta name=\"robots\" content=\"index, follow, max-snippet:-1, max-image-preview:large, max-video-preview:-1\" \/>\n<link rel=\"canonical\" href=\"https:\/\/jofer.pro\/control\/\" \/>\n<meta property=\"og:locale\" content=\"en_US\" \/>\n<meta property=\"og:type\" content=\"article\" \/>\n<meta property=\"og:title\" content=\"Control Systems - Jofer\" \/>\n<meta property=\"og:description\" content=\"Services &#8211; Control Systems The advance of the technology and added to the complexity of the facilities that can be executed, makes that in many cases a control system is essential. From Jofer, they are specialists in the integration and implementation of KNX control systems, StruxureWare and domestic control systems such as AirZone or Air... Learn More\" \/>\n<meta property=\"og:url\" content=\"https:\/\/jofer.pro\/control\/\" \/>\n<meta property=\"og:site_name\" content=\"Jofer\" \/>\n<meta property=\"article:modified_time\" content=\"2018-01-11T12:26:39+00:00\" \/>\n<meta name=\"twitter:card\" content=\"summary_large_image\" \/>\n<meta name=\"twitter:label1\" content=\"Est. reading time\" \/>\n\t<meta name=\"twitter:data1\" content=\"3 minutes\" \/>\n<script type=\"application\/ld+json\" class=\"yoast-schema-graph\">{\"@context\":\"https:\/\/schema.org\",\"@graph\":[{\"@type\":\"WebPage\",\"@id\":\"https:\/\/jofer.pro\/control\/\",\"url\":\"https:\/\/jofer.pro\/control\/\",\"name\":\"Control Systems - Jofer\",\"isPartOf\":{\"@id\":\"https:\/\/jofer.pro\/#website\"},\"datePublished\":\"2017-08-31T16:23:51+00:00\",\"dateModified\":\"2018-01-11T12:26:39+00:00\",\"breadcrumb\":{\"@id\":\"https:\/\/jofer.pro\/control\/#breadcrumb\"},\"inLanguage\":\"en-US\",\"potentialAction\":[{\"@type\":\"ReadAction\",\"target\":[\"https:\/\/jofer.pro\/control\/\"]}]},{\"@type\":\"BreadcrumbList\",\"@id\":\"https:\/\/jofer.pro\/control\/#breadcrumb\",\"itemListElement\":[{\"@type\":\"ListItem\",\"position\":1,\"name\":\"Portada\",\"item\":\"https:\/\/jofer.pro\/\"},{\"@type\":\"ListItem\",\"position\":2,\"name\":\"Control\"}]},{\"@type\":\"WebSite\",\"@id\":\"https:\/\/jofer.pro\/#website\",\"url\":\"https:\/\/jofer.pro\/\",\"name\":\"Jofer\",\"description\":\"\",\"publisher\":{\"@id\":\"https:\/\/jofer.pro\/#organization\"},\"potentialAction\":[{\"@type\":\"SearchAction\",\"target\":{\"@type\":\"EntryPoint\",\"urlTemplate\":\"https:\/\/jofer.pro\/?s={search_term_string}\"},\"query-input\":{\"@type\":\"PropertyValueSpecification\",\"valueRequired\":true,\"valueName\":\"search_term_string\"}}],\"inLanguage\":\"en-US\"},{\"@type\":\"Organization\",\"@id\":\"https:\/\/jofer.pro\/#organization\",\"name\":\"Jofer\",\"url\":\"https:\/\/jofer.pro\/\",\"logo\":{\"@type\":\"ImageObject\",\"inLanguage\":\"en-US\",\"@id\":\"https:\/\/jofer.pro\/#\/schema\/logo\/image\/\",\"url\":\"https:\/\/jofer.pro\/wp-content\/uploads\/2017\/06\/Logotipo1.png\",\"contentUrl\":\"https:\/\/jofer.pro\/wp-content\/uploads\/2017\/06\/Logotipo1.png\",\"width\":496,\"height\":210,\"caption\":\"Jofer\"},\"image\":{\"@id\":\"https:\/\/jofer.pro\/#\/schema\/logo\/image\/\"},\"sameAs\":[\"https:\/\/www.linkedin.com\/in\/jose-maria-fernandez-ca\u00f1as-a80a7b21?ppe=1\"]}]}<\/script>\n<!-- \/ Yoast SEO plugin. -->","yoast_head_json":{"title":"Control Systems - Jofer","robots":{"index":"index","follow":"follow","max-snippet":"max-snippet:-1","max-image-preview":"max-image-preview:large","max-video-preview":"max-video-preview:-1"},"canonical":"https:\/\/jofer.pro\/control\/","og_locale":"en_US","og_type":"article","og_title":"Control Systems - Jofer","og_description":"Services &#8211; Control Systems The advance of the technology and added to the complexity of the facilities that can be executed, makes that in many cases a control system is essential. From Jofer, they are specialists in the integration and implementation of KNX control systems, StruxureWare and domestic control systems such as AirZone or Air... Learn More","og_url":"https:\/\/jofer.pro\/control\/","og_site_name":"Jofer","article_modified_time":"2018-01-11T12:26:39+00:00","twitter_card":"summary_large_image","twitter_misc":{"Est. reading time":"3 minutes"},"schema":{"@context":"https:\/\/schema.org","@graph":[{"@type":"WebPage","@id":"https:\/\/jofer.pro\/control\/","url":"https:\/\/jofer.pro\/control\/","name":"Control Systems - Jofer","isPartOf":{"@id":"https:\/\/jofer.pro\/#website"},"datePublished":"2017-08-31T16:23:51+00:00","dateModified":"2018-01-11T12:26:39+00:00","breadcrumb":{"@id":"https:\/\/jofer.pro\/control\/#breadcrumb"},"inLanguage":"en-US","potentialAction":[{"@type":"ReadAction","target":["https:\/\/jofer.pro\/control\/"]}]},{"@type":"BreadcrumbList","@id":"https:\/\/jofer.pro\/control\/#breadcrumb","itemListElement":[{"@type":"ListItem","position":1,"name":"Portada","item":"https:\/\/jofer.pro\/"},{"@type":"ListItem","position":2,"name":"Control"}]},{"@type":"WebSite","@id":"https:\/\/jofer.pro\/#website","url":"https:\/\/jofer.pro\/","name":"Jofer","description":"","publisher":{"@id":"https:\/\/jofer.pro\/#organization"},"potentialAction":[{"@type":"SearchAction","target":{"@type":"EntryPoint","urlTemplate":"https:\/\/jofer.pro\/?s={search_term_string}"},"query-input":{"@type":"PropertyValueSpecification","valueRequired":true,"valueName":"search_term_string"}}],"inLanguage":"en-US"},{"@type":"Organization","@id":"https:\/\/jofer.pro\/#organization","name":"Jofer","url":"https:\/\/jofer.pro\/","logo":{"@type":"ImageObject","inLanguage":"en-US","@id":"https:\/\/jofer.pro\/#\/schema\/logo\/image\/","url":"https:\/\/jofer.pro\/wp-content\/uploads\/2017\/06\/Logotipo1.png","contentUrl":"https:\/\/jofer.pro\/wp-content\/uploads\/2017\/06\/Logotipo1.png","width":496,"height":210,"caption":"Jofer"},"image":{"@id":"https:\/\/jofer.pro\/#\/schema\/logo\/image\/"},"sameAs":["https:\/\/www.linkedin.com\/in\/jose-maria-fernandez-ca\u00f1as-a80a7b21?ppe=1"]}]}},"_links":{"self":[{"href":"https:\/\/jofer.pro\/en\/wp-json\/wp\/v2\/pages\/4097","targetHints":{"allow":["GET"]}}],"collection":[{"href":"https:\/\/jofer.pro\/en\/wp-json\/wp\/v2\/pages"}],"about":[{"href":"https:\/\/jofer.pro\/en\/wp-json\/wp\/v2\/types\/page"}],"author":[{"embeddable":true,"href":"https:\/\/jofer.pro\/en\/wp-json\/wp\/v2\/users\/3"}],"replies":[{"embeddable":true,"href":"https:\/\/jofer.pro\/en\/wp-json\/wp\/v2\/comments?post=4097"}],"version-history":[{"count":7,"href":"https:\/\/jofer.pro\/en\/wp-json\/wp\/v2\/pages\/4097\/revisions"}],"predecessor-version":[{"id":4816,"href":"https:\/\/jofer.pro\/en\/wp-json\/wp\/v2\/pages\/4097\/revisions\/4816"}],"wp:attachment":[{"href":"https:\/\/jofer.pro\/en\/wp-json\/wp\/v2\/media?parent=4097"}],"curies":[{"name":"wp","href":"https:\/\/api.w.org\/{rel}","templated":true}]}}