{"id":4452,"date":"2017-10-17T08:30:35","date_gmt":"2017-10-17T08:30:35","guid":{"rendered":"http:\/\/jofer.pro\/?page_id=4452"},"modified":"2025-12-12T13:27:43","modified_gmt":"2025-12-12T11:27:43","slug":"politica-de-privacidad","status":"publish","type":"page","link":"https:\/\/jofer.pro\/en\/politica-de-privacidad\/","title":{"rendered":"Pol\u00edtica de Privacidad"},"content":{"rendered":"<p>PRIVACY POLICY<\/p>\n<p>1. DATA CONTROLLER<br \/>\nSOLUCIONES JOFER SL<br \/>\nAddress: C\/ R\u00edo Almanzora 8, Polig. Indust. La Juaida, 04240 Viator (Almer\u00eda), Spain<br \/>\nTax ID: B04560959<br \/>\nAlmer\u00eda Commercial Registry: Volume 1033, Folio 73, Page AL-25213, Entry 1<br \/>\nWebsite: https:\/\/jofer.pro<br \/>\nEmail: info@jofer.pro<\/p>\n<p>2. PURPOSE OF PROCESSING<br \/>\nThe collection and processing of personal data is for the following purposes:<br \/>\n&#8211; Managing and responding to inquiries and requests made by users through the website&#8217;s contact methods.<\/p>\n<p>&#8211; Managing the administrative and commercial aspects of your request and, where applicable, our potential contractual relationship.<\/p>\n<p>&#8211; Following up on inquiries submitted by users.<\/p>\n<p>3. LEGAL BASIS FOR PROCESSING<br \/>\nThe legal basis for processing your data is:<br \/>\n&#8211; Your consent, when you contact us or submit forms.<\/p>\n<p>&#8211; The application of pre-contractual measures or the performance of a contract, where applicable.<\/p>\n<p>&#8211; Compliance with applicable legal obligations.<\/p>\n<p>4. DATA PROCESSED<br \/>\nWe may process, as appropriate, data such as:<br \/>\n&#8211; First and last name.<\/p>\n<p>&#8211; Email address and telephone number.<\/p>\n<p>&#8211; Data included in the content of your inquiry or request.<\/p>\n<p>5. RECIPIENTS<br \/>\nYour data will not be transferred to third parties, except where legally required. Your data may be accessed by service providers to SOLUCIONES JOFER SL (for example, hosting, maintenance, or email), acting as data processors and under the corresponding contractual guarantees.<\/p>\n<p>6. RETENTION PERIOD<br \/>\nThe data will be retained for the time necessary to address your request and, where applicable, for the legally required periods arising from a contractual relationship or legal liabilities.<\/p>\n<p>7. RIGHTS<br \/>\nYou may exercise your rights of access, rectification, erasure, restriction of processing, objection, and data portability by sending an email to INFO@JOFER.PRO.<\/p>\n<p>If you believe that you have not received full satisfaction in the exercise of your rights, you may file a complaint with the Spanish Data Protection Agency (AEPD), C\/ Jorge Juan, 6, 28001 Madrid, Spain.<\/p>\n<p>8. SECURITY<br \/>\nSOLUCIONES JOFER SL is committed to treating your data confidentially and to taking measures to prevent its alteration, loss, unauthorized processing, or access, although internet security measures are not infallible.<\/p>\n<p>9. POLICY CHANGES<br \/>\nSOLUCIONES JOFER SL reserves the right to modify this Privacy Policy to adapt it to new legislation or criteria of the Spanish Data Protection Agency. In such cases, changes will be announced in advance, and your acceptance will be requested when necessary.<\/p>","protected":false},"excerpt":{"rendered":"<p>PRIVACY POLICY 1. DATA CONTROLLER SOLUCIONES JOFER SL Address: C\/ R\u00edo Almanzora 8, Polig. Indust. La Juaida, 04240 Viator (Almer\u00eda), Spain Tax ID: B04560959 Almer\u00eda Commercial Registry: Volume 1033, Folio 73, Page AL-25213, Entry 1 Website: https:\/\/jofer.pro Email: info@jofer.pro 2. PURPOSE OF PROCESSING The collection and processing of personal data is for the following purposes:&#8230; <\/p>\n<div class=\"clear\"><\/div>\n<p><a href=\"https:\/\/jofer.pro\/en\/politica-de-privacidad\/\" class=\"excerpt-read-more\">Learn More<i class=\"fa fa-angle-double-right icon-double-angle-right\"><\/i><\/a><\/p>\n","protected":false},"author":3,"featured_media":0,"parent":0,"menu_order":0,"comment_status":"closed","ping_status":"closed","template":"","meta":{"footnotes":""},"class_list":["post-4452","page","type-page","status-publish","hentry"],"yoast_head":"<!-- This site is optimized with the Yoast SEO plugin v26.5 - https:\/\/yoast.com\/wordpress\/plugins\/seo\/ -->\n<title>Pol\u00edtica de Privacidad - Jofer<\/title>\n<meta name=\"robots\" content=\"index, follow, max-snippet:-1, max-image-preview:large, max-video-preview:-1\" \/>\n<link rel=\"canonical\" href=\"https:\/\/jofer.pro\/politica-de-privacidad\/\" \/>\n<meta property=\"og:locale\" content=\"en_US\" \/>\n<meta property=\"og:type\" content=\"article\" \/>\n<meta property=\"og:title\" content=\"Pol\u00edtica de Privacidad - Jofer\" \/>\n<meta property=\"og:description\" content=\"PRIVACY POLICY 1. DATA CONTROLLER SOLUCIONES JOFER SL Address: C\/ R\u00edo Almanzora 8, Polig. Indust. La Juaida, 04240 Viator (Almer\u00eda), Spain Tax ID: B04560959 Almer\u00eda Commercial Registry: Volume 1033, Folio 73, Page AL-25213, Entry 1 Website: https:\/\/jofer.pro Email: info@jofer.pro 2. PURPOSE OF PROCESSING The collection and processing of personal data is for the following purposes:... Learn More\" \/>\n<meta property=\"og:url\" content=\"https:\/\/jofer.pro\/politica-de-privacidad\/\" \/>\n<meta property=\"og:site_name\" content=\"Jofer\" \/>\n<meta property=\"article:modified_time\" content=\"2025-12-12T11:27:43+00:00\" \/>\n<meta name=\"twitter:card\" content=\"summary_large_image\" \/>\n<meta name=\"twitter:label1\" content=\"Est. reading time\" \/>\n\t<meta name=\"twitter:data1\" content=\"6 minutes\" \/>\n<script type=\"application\/ld+json\" class=\"yoast-schema-graph\">{\"@context\":\"https:\/\/schema.org\",\"@graph\":[{\"@type\":\"WebPage\",\"@id\":\"https:\/\/jofer.pro\/politica-de-privacidad\/\",\"url\":\"https:\/\/jofer.pro\/politica-de-privacidad\/\",\"name\":\"Pol\u00edtica de Privacidad - Jofer\",\"isPartOf\":{\"@id\":\"https:\/\/jofer.pro\/#website\"},\"datePublished\":\"2017-10-17T08:30:35+00:00\",\"dateModified\":\"2025-12-12T11:27:43+00:00\",\"breadcrumb\":{\"@id\":\"https:\/\/jofer.pro\/politica-de-privacidad\/#breadcrumb\"},\"inLanguage\":\"en-US\",\"potentialAction\":[{\"@type\":\"ReadAction\",\"target\":[\"https:\/\/jofer.pro\/politica-de-privacidad\/\"]}]},{\"@type\":\"BreadcrumbList\",\"@id\":\"https:\/\/jofer.pro\/politica-de-privacidad\/#breadcrumb\",\"itemListElement\":[{\"@type\":\"ListItem\",\"position\":1,\"name\":\"Portada\",\"item\":\"https:\/\/jofer.pro\/\"},{\"@type\":\"ListItem\",\"position\":2,\"name\":\"Pol\u00edtica de Privacidad\"}]},{\"@type\":\"WebSite\",\"@id\":\"https:\/\/jofer.pro\/#website\",\"url\":\"https:\/\/jofer.pro\/\",\"name\":\"Jofer\",\"description\":\"\",\"publisher\":{\"@id\":\"https:\/\/jofer.pro\/#organization\"},\"potentialAction\":[{\"@type\":\"SearchAction\",\"target\":{\"@type\":\"EntryPoint\",\"urlTemplate\":\"https:\/\/jofer.pro\/?s={search_term_string}\"},\"query-input\":{\"@type\":\"PropertyValueSpecification\",\"valueRequired\":true,\"valueName\":\"search_term_string\"}}],\"inLanguage\":\"en-US\"},{\"@type\":\"Organization\",\"@id\":\"https:\/\/jofer.pro\/#organization\",\"name\":\"Jofer\",\"url\":\"https:\/\/jofer.pro\/\",\"logo\":{\"@type\":\"ImageObject\",\"inLanguage\":\"en-US\",\"@id\":\"https:\/\/jofer.pro\/#\/schema\/logo\/image\/\",\"url\":\"https:\/\/jofer.pro\/wp-content\/uploads\/2017\/06\/Logotipo1.png\",\"contentUrl\":\"https:\/\/jofer.pro\/wp-content\/uploads\/2017\/06\/Logotipo1.png\",\"width\":496,\"height\":210,\"caption\":\"Jofer\"},\"image\":{\"@id\":\"https:\/\/jofer.pro\/#\/schema\/logo\/image\/\"},\"sameAs\":[\"https:\/\/www.linkedin.com\/in\/jose-maria-fernandez-ca\u00f1as-a80a7b21?ppe=1\"]}]}<\/script>\n<!-- \/ Yoast SEO plugin. -->","yoast_head_json":{"title":"Pol\u00edtica de Privacidad - Jofer","robots":{"index":"index","follow":"follow","max-snippet":"max-snippet:-1","max-image-preview":"max-image-preview:large","max-video-preview":"max-video-preview:-1"},"canonical":"https:\/\/jofer.pro\/politica-de-privacidad\/","og_locale":"en_US","og_type":"article","og_title":"Pol\u00edtica de Privacidad - Jofer","og_description":"PRIVACY POLICY 1. DATA CONTROLLER SOLUCIONES JOFER SL Address: C\/ R\u00edo Almanzora 8, Polig. Indust. La Juaida, 04240 Viator (Almer\u00eda), Spain Tax ID: B04560959 Almer\u00eda Commercial Registry: Volume 1033, Folio 73, Page AL-25213, Entry 1 Website: https:\/\/jofer.pro Email: info@jofer.pro 2. PURPOSE OF PROCESSING The collection and processing of personal data is for the following purposes:... Learn More","og_url":"https:\/\/jofer.pro\/politica-de-privacidad\/","og_site_name":"Jofer","article_modified_time":"2025-12-12T11:27:43+00:00","twitter_card":"summary_large_image","twitter_misc":{"Est. reading time":"6 minutes"},"schema":{"@context":"https:\/\/schema.org","@graph":[{"@type":"WebPage","@id":"https:\/\/jofer.pro\/politica-de-privacidad\/","url":"https:\/\/jofer.pro\/politica-de-privacidad\/","name":"Pol\u00edtica de Privacidad - Jofer","isPartOf":{"@id":"https:\/\/jofer.pro\/#website"},"datePublished":"2017-10-17T08:30:35+00:00","dateModified":"2025-12-12T11:27:43+00:00","breadcrumb":{"@id":"https:\/\/jofer.pro\/politica-de-privacidad\/#breadcrumb"},"inLanguage":"en-US","potentialAction":[{"@type":"ReadAction","target":["https:\/\/jofer.pro\/politica-de-privacidad\/"]}]},{"@type":"BreadcrumbList","@id":"https:\/\/jofer.pro\/politica-de-privacidad\/#breadcrumb","itemListElement":[{"@type":"ListItem","position":1,"name":"Portada","item":"https:\/\/jofer.pro\/"},{"@type":"ListItem","position":2,"name":"Pol\u00edtica de Privacidad"}]},{"@type":"WebSite","@id":"https:\/\/jofer.pro\/#website","url":"https:\/\/jofer.pro\/","name":"Jofer","description":"","publisher":{"@id":"https:\/\/jofer.pro\/#organization"},"potentialAction":[{"@type":"SearchAction","target":{"@type":"EntryPoint","urlTemplate":"https:\/\/jofer.pro\/?s={search_term_string}"},"query-input":{"@type":"PropertyValueSpecification","valueRequired":true,"valueName":"search_term_string"}}],"inLanguage":"en-US"},{"@type":"Organization","@id":"https:\/\/jofer.pro\/#organization","name":"Jofer","url":"https:\/\/jofer.pro\/","logo":{"@type":"ImageObject","inLanguage":"en-US","@id":"https:\/\/jofer.pro\/#\/schema\/logo\/image\/","url":"https:\/\/jofer.pro\/wp-content\/uploads\/2017\/06\/Logotipo1.png","contentUrl":"https:\/\/jofer.pro\/wp-content\/uploads\/2017\/06\/Logotipo1.png","width":496,"height":210,"caption":"Jofer"},"image":{"@id":"https:\/\/jofer.pro\/#\/schema\/logo\/image\/"},"sameAs":["https:\/\/www.linkedin.com\/in\/jose-maria-fernandez-ca\u00f1as-a80a7b21?ppe=1"]}]}},"_links":{"self":[{"href":"https:\/\/jofer.pro\/en\/wp-json\/wp\/v2\/pages\/4452","targetHints":{"allow":["GET"]}}],"collection":[{"href":"https:\/\/jofer.pro\/en\/wp-json\/wp\/v2\/pages"}],"about":[{"href":"https:\/\/jofer.pro\/en\/wp-json\/wp\/v2\/types\/page"}],"author":[{"embeddable":true,"href":"https:\/\/jofer.pro\/en\/wp-json\/wp\/v2\/users\/3"}],"replies":[{"embeddable":true,"href":"https:\/\/jofer.pro\/en\/wp-json\/wp\/v2\/comments?post=4452"}],"version-history":[{"count":7,"href":"https:\/\/jofer.pro\/en\/wp-json\/wp\/v2\/pages\/4452\/revisions"}],"predecessor-version":[{"id":6744,"href":"https:\/\/jofer.pro\/en\/wp-json\/wp\/v2\/pages\/4452\/revisions\/6744"}],"wp:attachment":[{"href":"https:\/\/jofer.pro\/en\/wp-json\/wp\/v2\/media?parent=4452"}],"curies":[{"name":"wp","href":"https:\/\/api.w.org\/{rel}","templated":true}]}}