{"id":3825,"date":"2017-06-01T08:48:03","date_gmt":"2017-06-01T08:48:03","guid":{"rendered":"http:\/\/jofer.pro\/?page_id=3825"},"modified":"2019-04-10T07:40:19","modified_gmt":"2019-04-10T07:40:19","slug":"carta-fundador","status":"publish","type":"page","link":"https:\/\/jofer.pro\/pt\/carta-fundador\/","title":{"rendered":"Carta de apresenta\u00e7\u00e3o do Fundador"},"content":{"rendered":"<p><\/p>\n<div class=\"twelve columns\">\n<div class=\"gdlr-item gdlr-content-item\">\u00a0Durante toda a minha vida experimentei o que \u00e9 hoje em dia a JOFER, uma empresa din\u00e2mica, inovadora, que coloca \u00e0 frente o servi\u00e7o ao cliente e que est\u00e1 constantemente em evolu\u00e7\u00e3o e estudo de novas metas e projectos, com uma voca\u00e7\u00e3o de trabalho que nos caracteriza e que foi, em grande parte, o motor da nossa empresa e nosso sinal de identidade.<\/div>\n<div class=\"gdlr-item gdlr-content-item\"><\/div>\n<div class=\"gdlr-item gdlr-content-item\">Pouco a pouco fui inculcando estes valores aos meus filhos para que ambos formassem parte dessa filosofia de trabalho, servi\u00e7o e qualidade que aplicamos a tudo o que come\u00e7amos e que foram absorvendo desde muito pequenos at\u00e9 se tornarem nos grandes homens e empres\u00e1rios que s\u00e3o nos dias de hoje.<\/div>\n<div class=\"gdlr-item gdlr-content-item\"><\/div>\n<div class=\"gdlr-item gdlr-content-item\">A JOFER \u00e9 uma empresa que nasceu humilde e modestamente do esp\u00edrito empreendedor e aventureiro pelo que sempre me caracterizei. A confian\u00e7a que sempre tive em mim e na capacidade de supera\u00e7\u00e3o de todas as nossas metas e objectivos levaram-se, em conjunto com os meus filhos, a liderar uma das empresas l\u00edderes no sector com um \u00e2mbito de actua\u00e7\u00e3o em todo o territ\u00f3rio nacional, composta ainda por mais de trinta profissionais, peritos e especializados nas suas respectivas \u00e1reas e que esperam com ansiedade o grande passo que estamos no ponto dar, o salto para a internacionaliza\u00e7\u00e3o.<\/div>\n<div class=\"gdlr-item gdlr-content-item\"><\/div>\n<div class=\"gdlr-item gdlr-content-item\">Em certas alturas surge uma pergunta que \u00e9 \u00bfPorqu\u00ea, dar o salto para outros pa\u00edses ? A resposta \u00e9 muito simples : a nossa equipa \u00e9 ambiciosa e innovadora, e confiamos a todo o momento na nossa capacidade, experi\u00eancia e prepara\u00e7\u00e3o e, recebemos cada dia o maior dos impulsos que uma empresa pode necessitar para dar o passo : a satisfac\u00e7\u00e3o, o agradecimento e a confian\u00e7a de todos os nossos clientes.<\/div>\n<div class=\"gdlr-item gdlr-content-item\"><\/div>\n<div class=\"gdlr-item gdlr-content-item\">\u00c9 por isso, que neste ano de 2018 iniciamos um processo de internacionaliza\u00e7\u00e3o que empreendemos como sempre, se fez tudo nesta companhia : com paci\u00eancia, calma, prud\u00eancia e tamb\u00e9m com a ambi\u00e7\u00e3o, focando-nos em principio em quatro pa\u00edses de destino e olhando para o resto do mundo a m\u00e9dio m\u00e9dio e longo prazo.<\/div>\n<div class=\"gdlr-item gdlr-content-item\"><\/div>\n<div class=\"gdlr-item gdlr-content-item\">Sem d\u00favida, isto pressup\u00f5e um grande passo para n\u00f3s que nos servir\u00e1 para continuar a crescer diariamente e, sobretudo, continuar a aprender e forjar-nos como uma grande empresa que contribua para o desenvolvimento das regi\u00f5es nas quais opera. Como disse durante toda a minha vida \u2018Com esfor\u00e7o, trabalho, dedica\u00e7\u00e3o e um pouco de paci\u00eancia conseguiremos qualquer objectivo que estabelecermos\u2019.<\/div>\n<div class=\"gdlr-item gdlr-content-item\"><\/div>\n<div class=\"gdlr-item gdlr-content-item\">Com os meus melhores desejos para toda a equipa e clientes que enfretam diariamente o desafio comum que estabelecemos.<\/div>\n<div class=\"gdlr-item gdlr-content-item\"><\/div>\n<div class=\"gdlr-item gdlr-content-item\">ASSINATURA<br \/>\nJose Maria Fern\u00e1ndez Ram\u00f3n<\/div>\n<\/div>\n<p><\/p>","protected":false},"excerpt":{"rendered":"<p>\u00a0Durante toda a minha vida experimentei o que \u00e9 hoje em dia a JOFER, uma empresa din\u00e2mica, inovadora, que coloca \u00e0 frente o servi\u00e7o ao cliente e que est\u00e1 constantemente em evolu\u00e7\u00e3o e estudo de novas metas e projectos, com uma voca\u00e7\u00e3o de trabalho que nos caracteriza e que foi, em grande parte, o motor&#8230; <\/p>\n<div class=\"clear\"><\/div>\n<p><a href=\"https:\/\/jofer.pro\/pt\/carta-fundador\/\" class=\"excerpt-read-more\">Learn More<i class=\"fa fa-angle-double-right icon-double-angle-right\"><\/i><\/a><\/p>\n","protected":false},"author":3,"featured_media":0,"parent":0,"menu_order":0,"comment_status":"closed","ping_status":"closed","template":"","meta":{"footnotes":""},"class_list":["post-3825","page","type-page","status-publish","hentry"],"yoast_head":"<!-- This site is optimized with the Yoast SEO plugin v26.5 - https:\/\/yoast.com\/wordpress\/plugins\/seo\/ -->\n<title>Carta de apresenta\u00e7\u00e3o do Fundador - Jofer<\/title>\n<meta name=\"robots\" content=\"index, follow, max-snippet:-1, max-image-preview:large, max-video-preview:-1\" \/>\n<link rel=\"canonical\" href=\"https:\/\/jofer.pro\/carta-fundador\/\" \/>\n<meta property=\"og:locale\" content=\"pt_PT\" \/>\n<meta property=\"og:type\" content=\"article\" \/>\n<meta property=\"og:title\" content=\"Carta de apresenta\u00e7\u00e3o do Fundador - Jofer\" \/>\n<meta property=\"og:description\" content=\"\u00a0Durante toda a minha vida experimentei o que \u00e9 hoje em dia a JOFER, uma empresa din\u00e2mica, inovadora, que coloca \u00e0 frente o servi\u00e7o ao cliente e que est\u00e1 constantemente em evolu\u00e7\u00e3o e estudo de novas metas e projectos, com uma voca\u00e7\u00e3o de trabalho que nos caracteriza e que foi, em grande parte, o motor... Learn More\" \/>\n<meta property=\"og:url\" content=\"https:\/\/jofer.pro\/carta-fundador\/\" \/>\n<meta property=\"og:site_name\" content=\"Jofer\" \/>\n<meta property=\"article:modified_time\" content=\"2019-04-10T07:40:19+00:00\" \/>\n<meta name=\"twitter:card\" content=\"summary_large_image\" \/>\n<meta name=\"twitter:label1\" content=\"Tempo estimado de leitura\" \/>\n\t<meta name=\"twitter:data1\" content=\"7 minutos\" \/>\n<script type=\"application\/ld+json\" class=\"yoast-schema-graph\">{\"@context\":\"https:\/\/schema.org\",\"@graph\":[{\"@type\":\"WebPage\",\"@id\":\"https:\/\/jofer.pro\/carta-fundador\/\",\"url\":\"https:\/\/jofer.pro\/carta-fundador\/\",\"name\":\"Carta de apresenta\u00e7\u00e3o do Fundador - Jofer\",\"isPartOf\":{\"@id\":\"https:\/\/jofer.pro\/#website\"},\"datePublished\":\"2017-06-01T08:48:03+00:00\",\"dateModified\":\"2019-04-10T07:40:19+00:00\",\"breadcrumb\":{\"@id\":\"https:\/\/jofer.pro\/carta-fundador\/#breadcrumb\"},\"inLanguage\":\"pt-PT\",\"potentialAction\":[{\"@type\":\"ReadAction\",\"target\":[\"https:\/\/jofer.pro\/carta-fundador\/\"]}]},{\"@type\":\"BreadcrumbList\",\"@id\":\"https:\/\/jofer.pro\/carta-fundador\/#breadcrumb\",\"itemListElement\":[{\"@type\":\"ListItem\",\"position\":1,\"name\":\"Portada\",\"item\":\"https:\/\/jofer.pro\/\"},{\"@type\":\"ListItem\",\"position\":2,\"name\":\"Carta de presentaci\u00f3n del Fundador\"}]},{\"@type\":\"WebSite\",\"@id\":\"https:\/\/jofer.pro\/#website\",\"url\":\"https:\/\/jofer.pro\/\",\"name\":\"Jofer\",\"description\":\"\",\"publisher\":{\"@id\":\"https:\/\/jofer.pro\/#organization\"},\"potentialAction\":[{\"@type\":\"SearchAction\",\"target\":{\"@type\":\"EntryPoint\",\"urlTemplate\":\"https:\/\/jofer.pro\/?s={search_term_string}\"},\"query-input\":{\"@type\":\"PropertyValueSpecification\",\"valueRequired\":true,\"valueName\":\"search_term_string\"}}],\"inLanguage\":\"pt-PT\"},{\"@type\":\"Organization\",\"@id\":\"https:\/\/jofer.pro\/#organization\",\"name\":\"Jofer\",\"url\":\"https:\/\/jofer.pro\/\",\"logo\":{\"@type\":\"ImageObject\",\"inLanguage\":\"pt-PT\",\"@id\":\"https:\/\/jofer.pro\/#\/schema\/logo\/image\/\",\"url\":\"https:\/\/jofer.pro\/wp-content\/uploads\/2017\/06\/Logotipo1.png\",\"contentUrl\":\"https:\/\/jofer.pro\/wp-content\/uploads\/2017\/06\/Logotipo1.png\",\"width\":496,\"height\":210,\"caption\":\"Jofer\"},\"image\":{\"@id\":\"https:\/\/jofer.pro\/#\/schema\/logo\/image\/\"},\"sameAs\":[\"https:\/\/www.linkedin.com\/in\/jose-maria-fernandez-ca\u00f1as-a80a7b21?ppe=1\"]}]}<\/script>\n<!-- \/ Yoast SEO plugin. -->","yoast_head_json":{"title":"Carta de apresenta\u00e7\u00e3o do Fundador - Jofer","robots":{"index":"index","follow":"follow","max-snippet":"max-snippet:-1","max-image-preview":"max-image-preview:large","max-video-preview":"max-video-preview:-1"},"canonical":"https:\/\/jofer.pro\/carta-fundador\/","og_locale":"pt_PT","og_type":"article","og_title":"Carta de apresenta\u00e7\u00e3o do Fundador - Jofer","og_description":"\u00a0Durante toda a minha vida experimentei o que \u00e9 hoje em dia a JOFER, uma empresa din\u00e2mica, inovadora, que coloca \u00e0 frente o servi\u00e7o ao cliente e que est\u00e1 constantemente em evolu\u00e7\u00e3o e estudo de novas metas e projectos, com uma voca\u00e7\u00e3o de trabalho que nos caracteriza e que foi, em grande parte, o motor... Learn More","og_url":"https:\/\/jofer.pro\/carta-fundador\/","og_site_name":"Jofer","article_modified_time":"2019-04-10T07:40:19+00:00","twitter_card":"summary_large_image","twitter_misc":{"Tempo estimado de leitura":"7 minutos"},"schema":{"@context":"https:\/\/schema.org","@graph":[{"@type":"WebPage","@id":"https:\/\/jofer.pro\/carta-fundador\/","url":"https:\/\/jofer.pro\/carta-fundador\/","name":"Carta de apresenta\u00e7\u00e3o do Fundador - Jofer","isPartOf":{"@id":"https:\/\/jofer.pro\/#website"},"datePublished":"2017-06-01T08:48:03+00:00","dateModified":"2019-04-10T07:40:19+00:00","breadcrumb":{"@id":"https:\/\/jofer.pro\/carta-fundador\/#breadcrumb"},"inLanguage":"pt-PT","potentialAction":[{"@type":"ReadAction","target":["https:\/\/jofer.pro\/carta-fundador\/"]}]},{"@type":"BreadcrumbList","@id":"https:\/\/jofer.pro\/carta-fundador\/#breadcrumb","itemListElement":[{"@type":"ListItem","position":1,"name":"Portada","item":"https:\/\/jofer.pro\/"},{"@type":"ListItem","position":2,"name":"Carta de presentaci\u00f3n del Fundador"}]},{"@type":"WebSite","@id":"https:\/\/jofer.pro\/#website","url":"https:\/\/jofer.pro\/","name":"Jofer","description":"","publisher":{"@id":"https:\/\/jofer.pro\/#organization"},"potentialAction":[{"@type":"SearchAction","target":{"@type":"EntryPoint","urlTemplate":"https:\/\/jofer.pro\/?s={search_term_string}"},"query-input":{"@type":"PropertyValueSpecification","valueRequired":true,"valueName":"search_term_string"}}],"inLanguage":"pt-PT"},{"@type":"Organization","@id":"https:\/\/jofer.pro\/#organization","name":"Jofer","url":"https:\/\/jofer.pro\/","logo":{"@type":"ImageObject","inLanguage":"pt-PT","@id":"https:\/\/jofer.pro\/#\/schema\/logo\/image\/","url":"https:\/\/jofer.pro\/wp-content\/uploads\/2017\/06\/Logotipo1.png","contentUrl":"https:\/\/jofer.pro\/wp-content\/uploads\/2017\/06\/Logotipo1.png","width":496,"height":210,"caption":"Jofer"},"image":{"@id":"https:\/\/jofer.pro\/#\/schema\/logo\/image\/"},"sameAs":["https:\/\/www.linkedin.com\/in\/jose-maria-fernandez-ca\u00f1as-a80a7b21?ppe=1"]}]}},"_links":{"self":[{"href":"https:\/\/jofer.pro\/pt\/wp-json\/wp\/v2\/pages\/3825","targetHints":{"allow":["GET"]}}],"collection":[{"href":"https:\/\/jofer.pro\/pt\/wp-json\/wp\/v2\/pages"}],"about":[{"href":"https:\/\/jofer.pro\/pt\/wp-json\/wp\/v2\/types\/page"}],"author":[{"embeddable":true,"href":"https:\/\/jofer.pro\/pt\/wp-json\/wp\/v2\/users\/3"}],"replies":[{"embeddable":true,"href":"https:\/\/jofer.pro\/pt\/wp-json\/wp\/v2\/comments?post=3825"}],"version-history":[{"count":10,"href":"https:\/\/jofer.pro\/pt\/wp-json\/wp\/v2\/pages\/3825\/revisions"}],"predecessor-version":[{"id":6220,"href":"https:\/\/jofer.pro\/pt\/wp-json\/wp\/v2\/pages\/3825\/revisions\/6220"}],"wp:attachment":[{"href":"https:\/\/jofer.pro\/pt\/wp-json\/wp\/v2\/media?parent=3825"}],"curies":[{"name":"wp","href":"https:\/\/api.w.org\/{rel}","templated":true}]}}