{"id":4089,"date":"2017-08-31T16:21:17","date_gmt":"2017-08-31T16:21:17","guid":{"rendered":"http:\/\/jofer.pro\/?page_id=4089"},"modified":"2018-01-11T12:22:42","modified_gmt":"2018-01-11T12:22:42","slug":"electricidad","status":"publish","type":"page","link":"https:\/\/jofer.pro\/pt\/electricidad\/","title":{"rendered":"Electricidade"},"content":{"rendered":"<p><a href=\"https:\/\/jofer.pro\/areas\/\">Areas<\/a> &#8211; <span style=\"color: #f4e610; font-size: 19px; font-weight: bold;\">Electricidade<\/span><\/p>\n<p>A Jofer realiza\u00a0instala\u00e7\u00f5es de baixa e m\u00e9dia tens\u00e3o em qualquer \u00e2mbito construtivo, quer de nova constru\u00e7\u00e3o, como em instala\u00e7\u00f5es existentes.<\/p>\n<p>Como com o resto das instala\u00e7\u00f5es contam com pessoal pr\u00f3prio e qualificado que se encarrega das instala\u00e7\u00f5es em todo tipo de edif\u00edcios com caracter\u00edsticas muito variadas entre elas.<br \/>\nEsta equipa realizou uma quantidade de instala\u00e7\u00f5es, executando desde pequenas instala\u00e7\u00f5es de escrit\u00f3rios ou dom\u00e9sticas at\u00e9 instala\u00e7\u00e3o de comuta\u00e7\u00f5es el\u00e9ctricas entre v\u00e1rios grupos electr\u00f3genos de reserva e a redee, passando por centros de transforma\u00e7\u00e3o ou instala\u00e7\u00f5es individuais.<\/p>","protected":false},"excerpt":{"rendered":"<p>Areas &#8211; Electricidade A Jofer realiza\u00a0instala\u00e7\u00f5es de baixa e m\u00e9dia tens\u00e3o em qualquer \u00e2mbito construtivo, quer de nova constru\u00e7\u00e3o, como em instala\u00e7\u00f5es existentes. Como com o resto das instala\u00e7\u00f5es contam com pessoal pr\u00f3prio e qualificado que se encarrega das instala\u00e7\u00f5es em todo tipo de edif\u00edcios com caracter\u00edsticas muito variadas entre elas. Esta equipa realizou uma&#8230; <\/p>\n<div class=\"clear\"><\/div>\n<p><a href=\"https:\/\/jofer.pro\/pt\/electricidad\/\" class=\"excerpt-read-more\">Learn More<i class=\"fa fa-angle-double-right icon-double-angle-right\"><\/i><\/a><\/p>\n","protected":false},"author":3,"featured_media":0,"parent":0,"menu_order":0,"comment_status":"closed","ping_status":"closed","template":"","meta":{"footnotes":""},"class_list":["post-4089","page","type-page","status-publish","hentry"],"yoast_head":"<!-- This site is optimized with the Yoast SEO plugin v26.5 - https:\/\/yoast.com\/wordpress\/plugins\/seo\/ -->\n<title>Electricidade - Jofer<\/title>\n<meta name=\"robots\" content=\"index, follow, max-snippet:-1, max-image-preview:large, max-video-preview:-1\" \/>\n<link rel=\"canonical\" href=\"https:\/\/jofer.pro\/electricidad\/\" \/>\n<meta property=\"og:locale\" content=\"pt_PT\" \/>\n<meta property=\"og:type\" content=\"article\" \/>\n<meta property=\"og:title\" content=\"Electricidade - Jofer\" \/>\n<meta property=\"og:description\" content=\"Areas &#8211; Electricidade A Jofer realiza\u00a0instala\u00e7\u00f5es de baixa e m\u00e9dia tens\u00e3o em qualquer \u00e2mbito construtivo, quer de nova constru\u00e7\u00e3o, como em instala\u00e7\u00f5es existentes. Como com o resto das instala\u00e7\u00f5es contam com pessoal pr\u00f3prio e qualificado que se encarrega das instala\u00e7\u00f5es em todo tipo de edif\u00edcios com caracter\u00edsticas muito variadas entre elas. Esta equipa realizou uma... Learn More\" \/>\n<meta property=\"og:url\" content=\"https:\/\/jofer.pro\/electricidad\/\" \/>\n<meta property=\"og:site_name\" content=\"Jofer\" \/>\n<meta property=\"article:modified_time\" content=\"2018-01-11T12:22:42+00:00\" \/>\n<meta name=\"twitter:card\" content=\"summary_large_image\" \/>\n<meta name=\"twitter:label1\" content=\"Tempo estimado de leitura\" \/>\n\t<meta name=\"twitter:data1\" content=\"2 minutos\" \/>\n<script type=\"application\/ld+json\" class=\"yoast-schema-graph\">{\"@context\":\"https:\/\/schema.org\",\"@graph\":[{\"@type\":\"WebPage\",\"@id\":\"https:\/\/jofer.pro\/electricidad\/\",\"url\":\"https:\/\/jofer.pro\/electricidad\/\",\"name\":\"Electricidade - Jofer\",\"isPartOf\":{\"@id\":\"https:\/\/jofer.pro\/#website\"},\"datePublished\":\"2017-08-31T16:21:17+00:00\",\"dateModified\":\"2018-01-11T12:22:42+00:00\",\"breadcrumb\":{\"@id\":\"https:\/\/jofer.pro\/electricidad\/#breadcrumb\"},\"inLanguage\":\"pt-PT\",\"potentialAction\":[{\"@type\":\"ReadAction\",\"target\":[\"https:\/\/jofer.pro\/electricidad\/\"]}]},{\"@type\":\"BreadcrumbList\",\"@id\":\"https:\/\/jofer.pro\/electricidad\/#breadcrumb\",\"itemListElement\":[{\"@type\":\"ListItem\",\"position\":1,\"name\":\"Portada\",\"item\":\"https:\/\/jofer.pro\/\"},{\"@type\":\"ListItem\",\"position\":2,\"name\":\"Electricidad\"}]},{\"@type\":\"WebSite\",\"@id\":\"https:\/\/jofer.pro\/#website\",\"url\":\"https:\/\/jofer.pro\/\",\"name\":\"Jofer\",\"description\":\"\",\"publisher\":{\"@id\":\"https:\/\/jofer.pro\/#organization\"},\"potentialAction\":[{\"@type\":\"SearchAction\",\"target\":{\"@type\":\"EntryPoint\",\"urlTemplate\":\"https:\/\/jofer.pro\/?s={search_term_string}\"},\"query-input\":{\"@type\":\"PropertyValueSpecification\",\"valueRequired\":true,\"valueName\":\"search_term_string\"}}],\"inLanguage\":\"pt-PT\"},{\"@type\":\"Organization\",\"@id\":\"https:\/\/jofer.pro\/#organization\",\"name\":\"Jofer\",\"url\":\"https:\/\/jofer.pro\/\",\"logo\":{\"@type\":\"ImageObject\",\"inLanguage\":\"pt-PT\",\"@id\":\"https:\/\/jofer.pro\/#\/schema\/logo\/image\/\",\"url\":\"https:\/\/jofer.pro\/wp-content\/uploads\/2017\/06\/Logotipo1.png\",\"contentUrl\":\"https:\/\/jofer.pro\/wp-content\/uploads\/2017\/06\/Logotipo1.png\",\"width\":496,\"height\":210,\"caption\":\"Jofer\"},\"image\":{\"@id\":\"https:\/\/jofer.pro\/#\/schema\/logo\/image\/\"},\"sameAs\":[\"https:\/\/www.linkedin.com\/in\/jose-maria-fernandez-ca\u00f1as-a80a7b21?ppe=1\"]}]}<\/script>\n<!-- \/ Yoast SEO plugin. -->","yoast_head_json":{"title":"Electricidade - Jofer","robots":{"index":"index","follow":"follow","max-snippet":"max-snippet:-1","max-image-preview":"max-image-preview:large","max-video-preview":"max-video-preview:-1"},"canonical":"https:\/\/jofer.pro\/electricidad\/","og_locale":"pt_PT","og_type":"article","og_title":"Electricidade - Jofer","og_description":"Areas &#8211; Electricidade A Jofer realiza\u00a0instala\u00e7\u00f5es de baixa e m\u00e9dia tens\u00e3o em qualquer \u00e2mbito construtivo, quer de nova constru\u00e7\u00e3o, como em instala\u00e7\u00f5es existentes. Como com o resto das instala\u00e7\u00f5es contam com pessoal pr\u00f3prio e qualificado que se encarrega das instala\u00e7\u00f5es em todo tipo de edif\u00edcios com caracter\u00edsticas muito variadas entre elas. Esta equipa realizou uma... Learn More","og_url":"https:\/\/jofer.pro\/electricidad\/","og_site_name":"Jofer","article_modified_time":"2018-01-11T12:22:42+00:00","twitter_card":"summary_large_image","twitter_misc":{"Tempo estimado de leitura":"2 minutos"},"schema":{"@context":"https:\/\/schema.org","@graph":[{"@type":"WebPage","@id":"https:\/\/jofer.pro\/electricidad\/","url":"https:\/\/jofer.pro\/electricidad\/","name":"Electricidade - Jofer","isPartOf":{"@id":"https:\/\/jofer.pro\/#website"},"datePublished":"2017-08-31T16:21:17+00:00","dateModified":"2018-01-11T12:22:42+00:00","breadcrumb":{"@id":"https:\/\/jofer.pro\/electricidad\/#breadcrumb"},"inLanguage":"pt-PT","potentialAction":[{"@type":"ReadAction","target":["https:\/\/jofer.pro\/electricidad\/"]}]},{"@type":"BreadcrumbList","@id":"https:\/\/jofer.pro\/electricidad\/#breadcrumb","itemListElement":[{"@type":"ListItem","position":1,"name":"Portada","item":"https:\/\/jofer.pro\/"},{"@type":"ListItem","position":2,"name":"Electricidad"}]},{"@type":"WebSite","@id":"https:\/\/jofer.pro\/#website","url":"https:\/\/jofer.pro\/","name":"Jofer","description":"","publisher":{"@id":"https:\/\/jofer.pro\/#organization"},"potentialAction":[{"@type":"SearchAction","target":{"@type":"EntryPoint","urlTemplate":"https:\/\/jofer.pro\/?s={search_term_string}"},"query-input":{"@type":"PropertyValueSpecification","valueRequired":true,"valueName":"search_term_string"}}],"inLanguage":"pt-PT"},{"@type":"Organization","@id":"https:\/\/jofer.pro\/#organization","name":"Jofer","url":"https:\/\/jofer.pro\/","logo":{"@type":"ImageObject","inLanguage":"pt-PT","@id":"https:\/\/jofer.pro\/#\/schema\/logo\/image\/","url":"https:\/\/jofer.pro\/wp-content\/uploads\/2017\/06\/Logotipo1.png","contentUrl":"https:\/\/jofer.pro\/wp-content\/uploads\/2017\/06\/Logotipo1.png","width":496,"height":210,"caption":"Jofer"},"image":{"@id":"https:\/\/jofer.pro\/#\/schema\/logo\/image\/"},"sameAs":["https:\/\/www.linkedin.com\/in\/jose-maria-fernandez-ca\u00f1as-a80a7b21?ppe=1"]}]}},"_links":{"self":[{"href":"https:\/\/jofer.pro\/pt\/wp-json\/wp\/v2\/pages\/4089","targetHints":{"allow":["GET"]}}],"collection":[{"href":"https:\/\/jofer.pro\/pt\/wp-json\/wp\/v2\/pages"}],"about":[{"href":"https:\/\/jofer.pro\/pt\/wp-json\/wp\/v2\/types\/page"}],"author":[{"embeddable":true,"href":"https:\/\/jofer.pro\/pt\/wp-json\/wp\/v2\/users\/3"}],"replies":[{"embeddable":true,"href":"https:\/\/jofer.pro\/pt\/wp-json\/wp\/v2\/comments?post=4089"}],"version-history":[{"count":6,"href":"https:\/\/jofer.pro\/pt\/wp-json\/wp\/v2\/pages\/4089\/revisions"}],"predecessor-version":[{"id":4815,"href":"https:\/\/jofer.pro\/pt\/wp-json\/wp\/v2\/pages\/4089\/revisions\/4815"}],"wp:attachment":[{"href":"https:\/\/jofer.pro\/pt\/wp-json\/wp\/v2\/media?parent=4089"}],"curies":[{"name":"wp","href":"https:\/\/api.w.org\/{rel}","templated":true}]}}