{"id":4097,"date":"2017-08-31T16:23:51","date_gmt":"2017-08-31T16:23:51","guid":{"rendered":"http:\/\/jofer.pro\/?page_id=4097"},"modified":"2018-01-11T12:26:39","modified_gmt":"2018-01-11T12:26:39","slug":"control","status":"publish","type":"page","link":"https:\/\/jofer.pro\/pt\/control\/","title":{"rendered":"Controlo"},"content":{"rendered":"<p><a href=\"https:\/\/jofer.pro\/areas\/\">Areas<\/a> &#8211; <span style=\"color: #f4e610; font-size: 19px; font-weight: bold;\">Controlo<\/span><br \/>\nO avan\u00e7o da tecnologia e em conjunto com a complexidade das instala\u00e7\u00f5es que se podem\u00a0chegar a executar, faz com que em muitos casos seja imprescind\u00edvel um sistema de controlo. A Jofer, \u00e9 especialista na integra\u00e7\u00e3o e implanta\u00e7\u00e3o de sistemas de controlo KNX, StruxureWare e sistemas de controlo dom\u00e9sticos como AirZone ou Air Nova.<br \/>\nOs sistemas de controlo oferecem informa\u00e7\u00e3o em tempo real das instala\u00e7\u00f5es e com uma boa programa\u00e7\u00e3o dos mesmos podem chegar a tomar decis\u00f5es em fun\u00e7\u00e3o dos par\u00e2metros externos. Isto garante a optimiza\u00e7\u00e3o dos sistemas a todo o momento, com as melhorias em conforto e efici\u00eancia que isto pressup\u00f5e.<br \/>\nA Jofer escolhe a plataforma de programa\u00e7\u00e3o mais adequada para cada projecto de modo que se possa controlar os elementos dom\u00f3ticos como uma climatiza\u00e7\u00e3o b\u00e1sica, ilumina\u00e7\u00e3o, persianas, etc., ou para gerir as instala\u00e7\u00f5es complexas, em todos os casos o objectivo \u00e9 conseguir uma plataforma simples para o utilizador de modo que os dados mais complexos fiquem ocultos ainda que a empresa\u00a0possa aceder a eles para verificar o correcto funcionamento, realizar trabalhos de manuten\u00e7\u00e3o telematicamente ou realizar modifica\u00e7\u00f5es na configura\u00e7\u00e3o se o cliente quiser.<\/p>\n<p>&nbsp;<\/p>","protected":false},"excerpt":{"rendered":"<p>Areas &#8211; Controlo O avan\u00e7o da tecnologia e em conjunto com a complexidade das instala\u00e7\u00f5es que se podem\u00a0chegar a executar, faz com que em muitos casos seja imprescind\u00edvel um sistema de controlo. A Jofer, \u00e9 especialista na integra\u00e7\u00e3o e implanta\u00e7\u00e3o de sistemas de controlo KNX, StruxureWare e sistemas de controlo dom\u00e9sticos como AirZone ou Air&#8230; <\/p>\n<div class=\"clear\"><\/div>\n<p><a href=\"https:\/\/jofer.pro\/pt\/control\/\" class=\"excerpt-read-more\">Learn More<i class=\"fa fa-angle-double-right icon-double-angle-right\"><\/i><\/a><\/p>\n","protected":false},"author":3,"featured_media":0,"parent":0,"menu_order":0,"comment_status":"closed","ping_status":"closed","template":"","meta":{"footnotes":""},"class_list":["post-4097","page","type-page","status-publish","hentry"],"yoast_head":"<!-- This site is optimized with the Yoast SEO plugin v26.5 - https:\/\/yoast.com\/wordpress\/plugins\/seo\/ -->\n<title>Controlo - Jofer<\/title>\n<meta name=\"robots\" content=\"index, follow, max-snippet:-1, max-image-preview:large, max-video-preview:-1\" \/>\n<link rel=\"canonical\" href=\"https:\/\/jofer.pro\/control\/\" \/>\n<meta property=\"og:locale\" content=\"pt_PT\" \/>\n<meta property=\"og:type\" content=\"article\" \/>\n<meta property=\"og:title\" content=\"Controlo - Jofer\" \/>\n<meta property=\"og:description\" content=\"Areas &#8211; Controlo O avan\u00e7o da tecnologia e em conjunto com a complexidade das instala\u00e7\u00f5es que se podem\u00a0chegar a executar, faz com que em muitos casos seja imprescind\u00edvel um sistema de controlo. A Jofer, \u00e9 especialista na integra\u00e7\u00e3o e implanta\u00e7\u00e3o de sistemas de controlo KNX, StruxureWare e sistemas de controlo dom\u00e9sticos como AirZone ou Air... Learn More\" \/>\n<meta property=\"og:url\" content=\"https:\/\/jofer.pro\/control\/\" \/>\n<meta property=\"og:site_name\" content=\"Jofer\" \/>\n<meta property=\"article:modified_time\" content=\"2018-01-11T12:26:39+00:00\" \/>\n<meta name=\"twitter:card\" content=\"summary_large_image\" \/>\n<meta name=\"twitter:label1\" content=\"Tempo estimado de leitura\" \/>\n\t<meta name=\"twitter:data1\" content=\"3 minutos\" \/>\n<script type=\"application\/ld+json\" class=\"yoast-schema-graph\">{\"@context\":\"https:\/\/schema.org\",\"@graph\":[{\"@type\":\"WebPage\",\"@id\":\"https:\/\/jofer.pro\/control\/\",\"url\":\"https:\/\/jofer.pro\/control\/\",\"name\":\"Controlo - Jofer\",\"isPartOf\":{\"@id\":\"https:\/\/jofer.pro\/#website\"},\"datePublished\":\"2017-08-31T16:23:51+00:00\",\"dateModified\":\"2018-01-11T12:26:39+00:00\",\"breadcrumb\":{\"@id\":\"https:\/\/jofer.pro\/control\/#breadcrumb\"},\"inLanguage\":\"pt-PT\",\"potentialAction\":[{\"@type\":\"ReadAction\",\"target\":[\"https:\/\/jofer.pro\/control\/\"]}]},{\"@type\":\"BreadcrumbList\",\"@id\":\"https:\/\/jofer.pro\/control\/#breadcrumb\",\"itemListElement\":[{\"@type\":\"ListItem\",\"position\":1,\"name\":\"Portada\",\"item\":\"https:\/\/jofer.pro\/\"},{\"@type\":\"ListItem\",\"position\":2,\"name\":\"Control\"}]},{\"@type\":\"WebSite\",\"@id\":\"https:\/\/jofer.pro\/#website\",\"url\":\"https:\/\/jofer.pro\/\",\"name\":\"Jofer\",\"description\":\"\",\"publisher\":{\"@id\":\"https:\/\/jofer.pro\/#organization\"},\"potentialAction\":[{\"@type\":\"SearchAction\",\"target\":{\"@type\":\"EntryPoint\",\"urlTemplate\":\"https:\/\/jofer.pro\/?s={search_term_string}\"},\"query-input\":{\"@type\":\"PropertyValueSpecification\",\"valueRequired\":true,\"valueName\":\"search_term_string\"}}],\"inLanguage\":\"pt-PT\"},{\"@type\":\"Organization\",\"@id\":\"https:\/\/jofer.pro\/#organization\",\"name\":\"Jofer\",\"url\":\"https:\/\/jofer.pro\/\",\"logo\":{\"@type\":\"ImageObject\",\"inLanguage\":\"pt-PT\",\"@id\":\"https:\/\/jofer.pro\/#\/schema\/logo\/image\/\",\"url\":\"https:\/\/jofer.pro\/wp-content\/uploads\/2017\/06\/Logotipo1.png\",\"contentUrl\":\"https:\/\/jofer.pro\/wp-content\/uploads\/2017\/06\/Logotipo1.png\",\"width\":496,\"height\":210,\"caption\":\"Jofer\"},\"image\":{\"@id\":\"https:\/\/jofer.pro\/#\/schema\/logo\/image\/\"},\"sameAs\":[\"https:\/\/www.linkedin.com\/in\/jose-maria-fernandez-ca\u00f1as-a80a7b21?ppe=1\"]}]}<\/script>\n<!-- \/ Yoast SEO plugin. -->","yoast_head_json":{"title":"Controlo - Jofer","robots":{"index":"index","follow":"follow","max-snippet":"max-snippet:-1","max-image-preview":"max-image-preview:large","max-video-preview":"max-video-preview:-1"},"canonical":"https:\/\/jofer.pro\/control\/","og_locale":"pt_PT","og_type":"article","og_title":"Controlo - Jofer","og_description":"Areas &#8211; Controlo O avan\u00e7o da tecnologia e em conjunto com a complexidade das instala\u00e7\u00f5es que se podem\u00a0chegar a executar, faz com que em muitos casos seja imprescind\u00edvel um sistema de controlo. A Jofer, \u00e9 especialista na integra\u00e7\u00e3o e implanta\u00e7\u00e3o de sistemas de controlo KNX, StruxureWare e sistemas de controlo dom\u00e9sticos como AirZone ou Air... Learn More","og_url":"https:\/\/jofer.pro\/control\/","og_site_name":"Jofer","article_modified_time":"2018-01-11T12:26:39+00:00","twitter_card":"summary_large_image","twitter_misc":{"Tempo estimado de leitura":"3 minutos"},"schema":{"@context":"https:\/\/schema.org","@graph":[{"@type":"WebPage","@id":"https:\/\/jofer.pro\/control\/","url":"https:\/\/jofer.pro\/control\/","name":"Controlo - Jofer","isPartOf":{"@id":"https:\/\/jofer.pro\/#website"},"datePublished":"2017-08-31T16:23:51+00:00","dateModified":"2018-01-11T12:26:39+00:00","breadcrumb":{"@id":"https:\/\/jofer.pro\/control\/#breadcrumb"},"inLanguage":"pt-PT","potentialAction":[{"@type":"ReadAction","target":["https:\/\/jofer.pro\/control\/"]}]},{"@type":"BreadcrumbList","@id":"https:\/\/jofer.pro\/control\/#breadcrumb","itemListElement":[{"@type":"ListItem","position":1,"name":"Portada","item":"https:\/\/jofer.pro\/"},{"@type":"ListItem","position":2,"name":"Control"}]},{"@type":"WebSite","@id":"https:\/\/jofer.pro\/#website","url":"https:\/\/jofer.pro\/","name":"Jofer","description":"","publisher":{"@id":"https:\/\/jofer.pro\/#organization"},"potentialAction":[{"@type":"SearchAction","target":{"@type":"EntryPoint","urlTemplate":"https:\/\/jofer.pro\/?s={search_term_string}"},"query-input":{"@type":"PropertyValueSpecification","valueRequired":true,"valueName":"search_term_string"}}],"inLanguage":"pt-PT"},{"@type":"Organization","@id":"https:\/\/jofer.pro\/#organization","name":"Jofer","url":"https:\/\/jofer.pro\/","logo":{"@type":"ImageObject","inLanguage":"pt-PT","@id":"https:\/\/jofer.pro\/#\/schema\/logo\/image\/","url":"https:\/\/jofer.pro\/wp-content\/uploads\/2017\/06\/Logotipo1.png","contentUrl":"https:\/\/jofer.pro\/wp-content\/uploads\/2017\/06\/Logotipo1.png","width":496,"height":210,"caption":"Jofer"},"image":{"@id":"https:\/\/jofer.pro\/#\/schema\/logo\/image\/"},"sameAs":["https:\/\/www.linkedin.com\/in\/jose-maria-fernandez-ca\u00f1as-a80a7b21?ppe=1"]}]}},"_links":{"self":[{"href":"https:\/\/jofer.pro\/pt\/wp-json\/wp\/v2\/pages\/4097","targetHints":{"allow":["GET"]}}],"collection":[{"href":"https:\/\/jofer.pro\/pt\/wp-json\/wp\/v2\/pages"}],"about":[{"href":"https:\/\/jofer.pro\/pt\/wp-json\/wp\/v2\/types\/page"}],"author":[{"embeddable":true,"href":"https:\/\/jofer.pro\/pt\/wp-json\/wp\/v2\/users\/3"}],"replies":[{"embeddable":true,"href":"https:\/\/jofer.pro\/pt\/wp-json\/wp\/v2\/comments?post=4097"}],"version-history":[{"count":7,"href":"https:\/\/jofer.pro\/pt\/wp-json\/wp\/v2\/pages\/4097\/revisions"}],"predecessor-version":[{"id":4816,"href":"https:\/\/jofer.pro\/pt\/wp-json\/wp\/v2\/pages\/4097\/revisions\/4816"}],"wp:attachment":[{"href":"https:\/\/jofer.pro\/pt\/wp-json\/wp\/v2\/media?parent=4097"}],"curies":[{"name":"wp","href":"https:\/\/api.w.org\/{rel}","templated":true}]}}