{"id":4100,"date":"2017-08-31T16:37:18","date_gmt":"2017-08-31T16:37:18","guid":{"rendered":"http:\/\/jofer.pro\/?page_id=4100"},"modified":"2018-01-16T10:22:58","modified_gmt":"2018-01-16T10:22:58","slug":"fontaneria","status":"publish","type":"page","link":"https:\/\/jofer.pro\/pt\/fontaneria\/","title":{"rendered":"Canaliza\u00e7oes"},"content":{"rendered":"<p><a href=\"https:\/\/jofer.pro\/areas\/\">\u00c1reas<\/a> &#8211; <span style=\"color: #f4e610; font-size: 19px; font-weight: bold;\">Canaliza\u00e7oes<\/span><br \/>\nA Jofer realiza qualquer tipo de repara\u00e7\u00e3o e instala\u00e7\u00e3o de canaliza\u00e7\u00e3o tanto de \u00e1gua fria como quente, adaptando-se a cada situa\u00e7\u00e3o e cliente, oferecendo a garantia de todos os servi\u00e7os e produtos, assim como o servi\u00e7o t\u00e9cnico necess\u00e1rio para solucionar qualquer tipo de incid\u00eancia.<br \/>\nEsta fun\u00e7\u00e3o surgiu pela necessidade de complementar os servi\u00e7os que oferecia a empresa de climatiza\u00e7\u00e3o e dar uma resposta integral a todos os sectores de actua\u00e7\u00e3o.<br \/>\nO que caracteriza a empresa \u00e9 a efici\u00eancia e a qualidadee no nosso\u00a0servi\u00e7o\u00a0de canaliza\u00e7\u00e3o. A melhor publicidade para a empresa \u00e9 que os clientes confiem nela e a recomende pelo seu trabalho.<\/p>\n<p>&nbsp;<\/p>","protected":false},"excerpt":{"rendered":"<p>\u00c1reas &#8211; Canaliza\u00e7oes A Jofer realiza qualquer tipo de repara\u00e7\u00e3o e instala\u00e7\u00e3o de canaliza\u00e7\u00e3o tanto de \u00e1gua fria como quente, adaptando-se a cada situa\u00e7\u00e3o e cliente, oferecendo a garantia de todos os servi\u00e7os e produtos, assim como o servi\u00e7o t\u00e9cnico necess\u00e1rio para solucionar qualquer tipo de incid\u00eancia. Esta fun\u00e7\u00e3o surgiu pela necessidade de complementar os&#8230; <\/p>\n<div class=\"clear\"><\/div>\n<p><a href=\"https:\/\/jofer.pro\/pt\/fontaneria\/\" class=\"excerpt-read-more\">Learn More<i class=\"fa fa-angle-double-right icon-double-angle-right\"><\/i><\/a><\/p>\n","protected":false},"author":3,"featured_media":0,"parent":0,"menu_order":0,"comment_status":"closed","ping_status":"closed","template":"","meta":{"footnotes":""},"class_list":["post-4100","page","type-page","status-publish","hentry"],"yoast_head":"<!-- This site is optimized with the Yoast SEO plugin v26.5 - https:\/\/yoast.com\/wordpress\/plugins\/seo\/ -->\n<title>Canaliza\u00e7oes - Jofer<\/title>\n<meta name=\"robots\" content=\"index, follow, max-snippet:-1, max-image-preview:large, max-video-preview:-1\" \/>\n<link rel=\"canonical\" href=\"https:\/\/jofer.pro\/fontaneria\/\" \/>\n<meta property=\"og:locale\" content=\"pt_PT\" \/>\n<meta property=\"og:type\" content=\"article\" \/>\n<meta property=\"og:title\" content=\"Canaliza\u00e7oes - Jofer\" \/>\n<meta property=\"og:description\" content=\"\u00c1reas &#8211; Canaliza\u00e7oes A Jofer realiza qualquer tipo de repara\u00e7\u00e3o e instala\u00e7\u00e3o de canaliza\u00e7\u00e3o tanto de \u00e1gua fria como quente, adaptando-se a cada situa\u00e7\u00e3o e cliente, oferecendo a garantia de todos os servi\u00e7os e produtos, assim como o servi\u00e7o t\u00e9cnico necess\u00e1rio para solucionar qualquer tipo de incid\u00eancia. Esta fun\u00e7\u00e3o surgiu pela necessidade de complementar os... Learn More\" \/>\n<meta property=\"og:url\" content=\"https:\/\/jofer.pro\/fontaneria\/\" \/>\n<meta property=\"og:site_name\" content=\"Jofer\" \/>\n<meta property=\"article:modified_time\" content=\"2018-01-16T10:22:58+00:00\" \/>\n<meta name=\"twitter:card\" content=\"summary_large_image\" \/>\n<meta name=\"twitter:label1\" content=\"Tempo estimado de leitura\" \/>\n\t<meta name=\"twitter:data1\" content=\"2 minutos\" \/>\n<script type=\"application\/ld+json\" class=\"yoast-schema-graph\">{\"@context\":\"https:\/\/schema.org\",\"@graph\":[{\"@type\":\"WebPage\",\"@id\":\"https:\/\/jofer.pro\/fontaneria\/\",\"url\":\"https:\/\/jofer.pro\/fontaneria\/\",\"name\":\"Canaliza\u00e7oes - Jofer\",\"isPartOf\":{\"@id\":\"https:\/\/jofer.pro\/#website\"},\"datePublished\":\"2017-08-31T16:37:18+00:00\",\"dateModified\":\"2018-01-16T10:22:58+00:00\",\"breadcrumb\":{\"@id\":\"https:\/\/jofer.pro\/fontaneria\/#breadcrumb\"},\"inLanguage\":\"pt-PT\",\"potentialAction\":[{\"@type\":\"ReadAction\",\"target\":[\"https:\/\/jofer.pro\/fontaneria\/\"]}]},{\"@type\":\"BreadcrumbList\",\"@id\":\"https:\/\/jofer.pro\/fontaneria\/#breadcrumb\",\"itemListElement\":[{\"@type\":\"ListItem\",\"position\":1,\"name\":\"Portada\",\"item\":\"https:\/\/jofer.pro\/\"},{\"@type\":\"ListItem\",\"position\":2,\"name\":\"Fontaner\u00eda\"}]},{\"@type\":\"WebSite\",\"@id\":\"https:\/\/jofer.pro\/#website\",\"url\":\"https:\/\/jofer.pro\/\",\"name\":\"Jofer\",\"description\":\"\",\"publisher\":{\"@id\":\"https:\/\/jofer.pro\/#organization\"},\"potentialAction\":[{\"@type\":\"SearchAction\",\"target\":{\"@type\":\"EntryPoint\",\"urlTemplate\":\"https:\/\/jofer.pro\/?s={search_term_string}\"},\"query-input\":{\"@type\":\"PropertyValueSpecification\",\"valueRequired\":true,\"valueName\":\"search_term_string\"}}],\"inLanguage\":\"pt-PT\"},{\"@type\":\"Organization\",\"@id\":\"https:\/\/jofer.pro\/#organization\",\"name\":\"Jofer\",\"url\":\"https:\/\/jofer.pro\/\",\"logo\":{\"@type\":\"ImageObject\",\"inLanguage\":\"pt-PT\",\"@id\":\"https:\/\/jofer.pro\/#\/schema\/logo\/image\/\",\"url\":\"https:\/\/jofer.pro\/wp-content\/uploads\/2017\/06\/Logotipo1.png\",\"contentUrl\":\"https:\/\/jofer.pro\/wp-content\/uploads\/2017\/06\/Logotipo1.png\",\"width\":496,\"height\":210,\"caption\":\"Jofer\"},\"image\":{\"@id\":\"https:\/\/jofer.pro\/#\/schema\/logo\/image\/\"},\"sameAs\":[\"https:\/\/www.linkedin.com\/in\/jose-maria-fernandez-ca\u00f1as-a80a7b21?ppe=1\"]}]}<\/script>\n<!-- \/ Yoast SEO plugin. -->","yoast_head_json":{"title":"Canaliza\u00e7oes - Jofer","robots":{"index":"index","follow":"follow","max-snippet":"max-snippet:-1","max-image-preview":"max-image-preview:large","max-video-preview":"max-video-preview:-1"},"canonical":"https:\/\/jofer.pro\/fontaneria\/","og_locale":"pt_PT","og_type":"article","og_title":"Canaliza\u00e7oes - Jofer","og_description":"\u00c1reas &#8211; Canaliza\u00e7oes A Jofer realiza qualquer tipo de repara\u00e7\u00e3o e instala\u00e7\u00e3o de canaliza\u00e7\u00e3o tanto de \u00e1gua fria como quente, adaptando-se a cada situa\u00e7\u00e3o e cliente, oferecendo a garantia de todos os servi\u00e7os e produtos, assim como o servi\u00e7o t\u00e9cnico necess\u00e1rio para solucionar qualquer tipo de incid\u00eancia. Esta fun\u00e7\u00e3o surgiu pela necessidade de complementar os... Learn More","og_url":"https:\/\/jofer.pro\/fontaneria\/","og_site_name":"Jofer","article_modified_time":"2018-01-16T10:22:58+00:00","twitter_card":"summary_large_image","twitter_misc":{"Tempo estimado de leitura":"2 minutos"},"schema":{"@context":"https:\/\/schema.org","@graph":[{"@type":"WebPage","@id":"https:\/\/jofer.pro\/fontaneria\/","url":"https:\/\/jofer.pro\/fontaneria\/","name":"Canaliza\u00e7oes - Jofer","isPartOf":{"@id":"https:\/\/jofer.pro\/#website"},"datePublished":"2017-08-31T16:37:18+00:00","dateModified":"2018-01-16T10:22:58+00:00","breadcrumb":{"@id":"https:\/\/jofer.pro\/fontaneria\/#breadcrumb"},"inLanguage":"pt-PT","potentialAction":[{"@type":"ReadAction","target":["https:\/\/jofer.pro\/fontaneria\/"]}]},{"@type":"BreadcrumbList","@id":"https:\/\/jofer.pro\/fontaneria\/#breadcrumb","itemListElement":[{"@type":"ListItem","position":1,"name":"Portada","item":"https:\/\/jofer.pro\/"},{"@type":"ListItem","position":2,"name":"Fontaner\u00eda"}]},{"@type":"WebSite","@id":"https:\/\/jofer.pro\/#website","url":"https:\/\/jofer.pro\/","name":"Jofer","description":"","publisher":{"@id":"https:\/\/jofer.pro\/#organization"},"potentialAction":[{"@type":"SearchAction","target":{"@type":"EntryPoint","urlTemplate":"https:\/\/jofer.pro\/?s={search_term_string}"},"query-input":{"@type":"PropertyValueSpecification","valueRequired":true,"valueName":"search_term_string"}}],"inLanguage":"pt-PT"},{"@type":"Organization","@id":"https:\/\/jofer.pro\/#organization","name":"Jofer","url":"https:\/\/jofer.pro\/","logo":{"@type":"ImageObject","inLanguage":"pt-PT","@id":"https:\/\/jofer.pro\/#\/schema\/logo\/image\/","url":"https:\/\/jofer.pro\/wp-content\/uploads\/2017\/06\/Logotipo1.png","contentUrl":"https:\/\/jofer.pro\/wp-content\/uploads\/2017\/06\/Logotipo1.png","width":496,"height":210,"caption":"Jofer"},"image":{"@id":"https:\/\/jofer.pro\/#\/schema\/logo\/image\/"},"sameAs":["https:\/\/www.linkedin.com\/in\/jose-maria-fernandez-ca\u00f1as-a80a7b21?ppe=1"]}]}},"_links":{"self":[{"href":"https:\/\/jofer.pro\/pt\/wp-json\/wp\/v2\/pages\/4100","targetHints":{"allow":["GET"]}}],"collection":[{"href":"https:\/\/jofer.pro\/pt\/wp-json\/wp\/v2\/pages"}],"about":[{"href":"https:\/\/jofer.pro\/pt\/wp-json\/wp\/v2\/types\/page"}],"author":[{"embeddable":true,"href":"https:\/\/jofer.pro\/pt\/wp-json\/wp\/v2\/users\/3"}],"replies":[{"embeddable":true,"href":"https:\/\/jofer.pro\/pt\/wp-json\/wp\/v2\/comments?post=4100"}],"version-history":[{"count":7,"href":"https:\/\/jofer.pro\/pt\/wp-json\/wp\/v2\/pages\/4100\/revisions"}],"predecessor-version":[{"id":4867,"href":"https:\/\/jofer.pro\/pt\/wp-json\/wp\/v2\/pages\/4100\/revisions\/4867"}],"wp:attachment":[{"href":"https:\/\/jofer.pro\/pt\/wp-json\/wp\/v2\/media?parent=4100"}],"curies":[{"name":"wp","href":"https:\/\/api.w.org\/{rel}","templated":true}]}}