{"id":4102,"date":"2017-08-31T16:47:59","date_gmt":"2017-08-31T16:47:59","guid":{"rendered":"http:\/\/jofer.pro\/?page_id=4102"},"modified":"2018-01-11T12:34:53","modified_gmt":"2018-01-11T12:34:53","slug":"telecomunicacion","status":"publish","type":"page","link":"https:\/\/jofer.pro\/pt\/telecomunicacion\/","title":{"rendered":"Telecomunica\u00e7\u00f5"},"content":{"rendered":"<p><a href=\"https:\/\/jofer.pro\/areas\/\">Areas<\/a> &#8211; <span style=\"color: #f4e610; font-size: 19px; font-weight: bold;\">Telecomunica\u00e7\u00f5<\/span><\/p>\n<p>A Jofer\u00a0\u00e9 l\u00edder na instala\u00e7\u00e3o e na manuten\u00e7\u00e3o de Redes de Telecomunica\u00e7\u00f5es, apoiada por uma grande equipa t\u00e9cnico profissional com a capacidade de instalar, configurar e manter as redees de telecomunica\u00e7\u00f5es, tem em conta a norma vigente e contribuindo de maneira eficiente com os processos produtivos da empresa.<br \/>\nA sua experi\u00eancia no sector das Telecomunica\u00e7\u00f5es permite-lhes levar a cabo qualquer tipo de\u00a0instala\u00e7\u00e3o e de manuten\u00e7\u00e3o de redees, antenas terrestres, sat\u00e9lite e telefonia em vivendas, empresas e locais comerciais.\u00a0Tamb\u00e9m se encarregam de reparar e de modificar instala\u00e7\u00f5es\u00a0j\u00e1 existentes.<\/p>","protected":false},"excerpt":{"rendered":"<p>Areas &#8211; Telecomunica\u00e7\u00f5 A Jofer\u00a0\u00e9 l\u00edder na instala\u00e7\u00e3o e na manuten\u00e7\u00e3o de Redes de Telecomunica\u00e7\u00f5es, apoiada por uma grande equipa t\u00e9cnico profissional com a capacidade de instalar, configurar e manter as redees de telecomunica\u00e7\u00f5es, tem em conta a norma vigente e contribuindo de maneira eficiente com os processos produtivos da empresa. A sua experi\u00eancia no&#8230; <\/p>\n<div class=\"clear\"><\/div>\n<p><a href=\"https:\/\/jofer.pro\/pt\/telecomunicacion\/\" class=\"excerpt-read-more\">Learn More<i class=\"fa fa-angle-double-right icon-double-angle-right\"><\/i><\/a><\/p>\n","protected":false},"author":3,"featured_media":0,"parent":0,"menu_order":0,"comment_status":"closed","ping_status":"closed","template":"","meta":{"footnotes":""},"class_list":["post-4102","page","type-page","status-publish","hentry"],"yoast_head":"<!-- This site is optimized with the Yoast SEO plugin v26.5 - https:\/\/yoast.com\/wordpress\/plugins\/seo\/ -->\n<title>Telecomunica\u00e7\u00f5 - Jofer<\/title>\n<meta name=\"robots\" content=\"index, follow, max-snippet:-1, max-image-preview:large, max-video-preview:-1\" \/>\n<link rel=\"canonical\" href=\"https:\/\/jofer.pro\/telecomunicacion\/\" \/>\n<meta property=\"og:locale\" content=\"pt_PT\" \/>\n<meta property=\"og:type\" content=\"article\" \/>\n<meta property=\"og:title\" content=\"Telecomunica\u00e7\u00f5 - Jofer\" \/>\n<meta property=\"og:description\" content=\"Areas &#8211; Telecomunica\u00e7\u00f5 A Jofer\u00a0\u00e9 l\u00edder na instala\u00e7\u00e3o e na manuten\u00e7\u00e3o de Redes de Telecomunica\u00e7\u00f5es, apoiada por uma grande equipa t\u00e9cnico profissional com a capacidade de instalar, configurar e manter as redees de telecomunica\u00e7\u00f5es, tem em conta a norma vigente e contribuindo de maneira eficiente com os processos produtivos da empresa. A sua experi\u00eancia no... Learn More\" \/>\n<meta property=\"og:url\" content=\"https:\/\/jofer.pro\/telecomunicacion\/\" \/>\n<meta property=\"og:site_name\" content=\"Jofer\" \/>\n<meta property=\"article:modified_time\" content=\"2018-01-11T12:34:53+00:00\" \/>\n<meta name=\"twitter:card\" content=\"summary_large_image\" \/>\n<meta name=\"twitter:label1\" content=\"Tempo estimado de leitura\" \/>\n\t<meta name=\"twitter:data1\" content=\"1 minuto\" \/>\n<script type=\"application\/ld+json\" class=\"yoast-schema-graph\">{\"@context\":\"https:\/\/schema.org\",\"@graph\":[{\"@type\":\"WebPage\",\"@id\":\"https:\/\/jofer.pro\/telecomunicacion\/\",\"url\":\"https:\/\/jofer.pro\/telecomunicacion\/\",\"name\":\"Telecomunica\u00e7\u00f5 - Jofer\",\"isPartOf\":{\"@id\":\"https:\/\/jofer.pro\/#website\"},\"datePublished\":\"2017-08-31T16:47:59+00:00\",\"dateModified\":\"2018-01-11T12:34:53+00:00\",\"breadcrumb\":{\"@id\":\"https:\/\/jofer.pro\/telecomunicacion\/#breadcrumb\"},\"inLanguage\":\"pt-PT\",\"potentialAction\":[{\"@type\":\"ReadAction\",\"target\":[\"https:\/\/jofer.pro\/telecomunicacion\/\"]}]},{\"@type\":\"BreadcrumbList\",\"@id\":\"https:\/\/jofer.pro\/telecomunicacion\/#breadcrumb\",\"itemListElement\":[{\"@type\":\"ListItem\",\"position\":1,\"name\":\"Portada\",\"item\":\"https:\/\/jofer.pro\/\"},{\"@type\":\"ListItem\",\"position\":2,\"name\":\"Telecomunicaci\u00f3n\"}]},{\"@type\":\"WebSite\",\"@id\":\"https:\/\/jofer.pro\/#website\",\"url\":\"https:\/\/jofer.pro\/\",\"name\":\"Jofer\",\"description\":\"\",\"publisher\":{\"@id\":\"https:\/\/jofer.pro\/#organization\"},\"potentialAction\":[{\"@type\":\"SearchAction\",\"target\":{\"@type\":\"EntryPoint\",\"urlTemplate\":\"https:\/\/jofer.pro\/?s={search_term_string}\"},\"query-input\":{\"@type\":\"PropertyValueSpecification\",\"valueRequired\":true,\"valueName\":\"search_term_string\"}}],\"inLanguage\":\"pt-PT\"},{\"@type\":\"Organization\",\"@id\":\"https:\/\/jofer.pro\/#organization\",\"name\":\"Jofer\",\"url\":\"https:\/\/jofer.pro\/\",\"logo\":{\"@type\":\"ImageObject\",\"inLanguage\":\"pt-PT\",\"@id\":\"https:\/\/jofer.pro\/#\/schema\/logo\/image\/\",\"url\":\"https:\/\/jofer.pro\/wp-content\/uploads\/2017\/06\/Logotipo1.png\",\"contentUrl\":\"https:\/\/jofer.pro\/wp-content\/uploads\/2017\/06\/Logotipo1.png\",\"width\":496,\"height\":210,\"caption\":\"Jofer\"},\"image\":{\"@id\":\"https:\/\/jofer.pro\/#\/schema\/logo\/image\/\"},\"sameAs\":[\"https:\/\/www.linkedin.com\/in\/jose-maria-fernandez-ca\u00f1as-a80a7b21?ppe=1\"]}]}<\/script>\n<!-- \/ Yoast SEO plugin. -->","yoast_head_json":{"title":"Telecomunica\u00e7\u00f5 - Jofer","robots":{"index":"index","follow":"follow","max-snippet":"max-snippet:-1","max-image-preview":"max-image-preview:large","max-video-preview":"max-video-preview:-1"},"canonical":"https:\/\/jofer.pro\/telecomunicacion\/","og_locale":"pt_PT","og_type":"article","og_title":"Telecomunica\u00e7\u00f5 - Jofer","og_description":"Areas &#8211; Telecomunica\u00e7\u00f5 A Jofer\u00a0\u00e9 l\u00edder na instala\u00e7\u00e3o e na manuten\u00e7\u00e3o de Redes de Telecomunica\u00e7\u00f5es, apoiada por uma grande equipa t\u00e9cnico profissional com a capacidade de instalar, configurar e manter as redees de telecomunica\u00e7\u00f5es, tem em conta a norma vigente e contribuindo de maneira eficiente com os processos produtivos da empresa. A sua experi\u00eancia no... Learn More","og_url":"https:\/\/jofer.pro\/telecomunicacion\/","og_site_name":"Jofer","article_modified_time":"2018-01-11T12:34:53+00:00","twitter_card":"summary_large_image","twitter_misc":{"Tempo estimado de leitura":"1 minuto"},"schema":{"@context":"https:\/\/schema.org","@graph":[{"@type":"WebPage","@id":"https:\/\/jofer.pro\/telecomunicacion\/","url":"https:\/\/jofer.pro\/telecomunicacion\/","name":"Telecomunica\u00e7\u00f5 - Jofer","isPartOf":{"@id":"https:\/\/jofer.pro\/#website"},"datePublished":"2017-08-31T16:47:59+00:00","dateModified":"2018-01-11T12:34:53+00:00","breadcrumb":{"@id":"https:\/\/jofer.pro\/telecomunicacion\/#breadcrumb"},"inLanguage":"pt-PT","potentialAction":[{"@type":"ReadAction","target":["https:\/\/jofer.pro\/telecomunicacion\/"]}]},{"@type":"BreadcrumbList","@id":"https:\/\/jofer.pro\/telecomunicacion\/#breadcrumb","itemListElement":[{"@type":"ListItem","position":1,"name":"Portada","item":"https:\/\/jofer.pro\/"},{"@type":"ListItem","position":2,"name":"Telecomunicaci\u00f3n"}]},{"@type":"WebSite","@id":"https:\/\/jofer.pro\/#website","url":"https:\/\/jofer.pro\/","name":"Jofer","description":"","publisher":{"@id":"https:\/\/jofer.pro\/#organization"},"potentialAction":[{"@type":"SearchAction","target":{"@type":"EntryPoint","urlTemplate":"https:\/\/jofer.pro\/?s={search_term_string}"},"query-input":{"@type":"PropertyValueSpecification","valueRequired":true,"valueName":"search_term_string"}}],"inLanguage":"pt-PT"},{"@type":"Organization","@id":"https:\/\/jofer.pro\/#organization","name":"Jofer","url":"https:\/\/jofer.pro\/","logo":{"@type":"ImageObject","inLanguage":"pt-PT","@id":"https:\/\/jofer.pro\/#\/schema\/logo\/image\/","url":"https:\/\/jofer.pro\/wp-content\/uploads\/2017\/06\/Logotipo1.png","contentUrl":"https:\/\/jofer.pro\/wp-content\/uploads\/2017\/06\/Logotipo1.png","width":496,"height":210,"caption":"Jofer"},"image":{"@id":"https:\/\/jofer.pro\/#\/schema\/logo\/image\/"},"sameAs":["https:\/\/www.linkedin.com\/in\/jose-maria-fernandez-ca\u00f1as-a80a7b21?ppe=1"]}]}},"_links":{"self":[{"href":"https:\/\/jofer.pro\/pt\/wp-json\/wp\/v2\/pages\/4102","targetHints":{"allow":["GET"]}}],"collection":[{"href":"https:\/\/jofer.pro\/pt\/wp-json\/wp\/v2\/pages"}],"about":[{"href":"https:\/\/jofer.pro\/pt\/wp-json\/wp\/v2\/types\/page"}],"author":[{"embeddable":true,"href":"https:\/\/jofer.pro\/pt\/wp-json\/wp\/v2\/users\/3"}],"replies":[{"embeddable":true,"href":"https:\/\/jofer.pro\/pt\/wp-json\/wp\/v2\/comments?post=4102"}],"version-history":[{"count":5,"href":"https:\/\/jofer.pro\/pt\/wp-json\/wp\/v2\/pages\/4102\/revisions"}],"predecessor-version":[{"id":4817,"href":"https:\/\/jofer.pro\/pt\/wp-json\/wp\/v2\/pages\/4102\/revisions\/4817"}],"wp:attachment":[{"href":"https:\/\/jofer.pro\/pt\/wp-json\/wp\/v2\/media?parent=4102"}],"curies":[{"name":"wp","href":"https:\/\/api.w.org\/{rel}","templated":true}]}}