{"id":4104,"date":"2017-09-01T09:15:53","date_gmt":"2017-09-01T09:15:53","guid":{"rendered":"http:\/\/jofer.pro\/?page_id=4104"},"modified":"2018-01-11T14:15:54","modified_gmt":"2018-01-11T14:15:54","slug":"renovables","status":"publish","type":"page","link":"https:\/\/jofer.pro\/pt\/renovables\/","title":{"rendered":"Renovables"},"content":{"rendered":"<p><a href=\"https:\/\/jofer.pro\/areas\/\">\u00c1reas<\/a> &#8211; <span style=\"color: #f4e610; font-size: 19px; font-weight: bold;\">Renovables<\/span><\/p>\n<h3>Fotovoltaica<\/h3>\n<h5>Con conexi\u00f3n a red<\/h5>\n<p>Los sistemas fotovoltaicos conectados a la red el\u00e9ctrica pueden ser de peque\u00f1o tama\u00f1o (instalaci\u00f3n en vivienda individual) o centrales de gran tama\u00f1o (instalaci\u00f3n en agrupaci\u00f3n, instalaci\u00f3n fija en el suelo, etc.).<\/p>\n<p>Las instalaciones solares fotovoltaicas de conexi\u00f3n a red tienen la particularidad de trabajar en intercambio con la red el\u00e9ctrica local. En pr\u00e1ctica, durante las horas de luz el usuario consume la energ\u00eda solar producida por su propia instalaci\u00f3n, mientras que cuando no hay luz o \u00e9sta no es suficiente, o si el usuario requiere m\u00e1s energ\u00eda el\u00e9ctrica de la que la instalaci\u00f3n est\u00e1 en grado de proveer, ser\u00e1 la red el\u00e9ctrica que garantizar\u00e1 el abastecimiento de la energ\u00eda el\u00e9ctrica necesaria.<\/p>\n<h5>Aisladas<\/h5>\n<p>Un sistema solar fotovoltaico de tipo aut\u00f3nomo o aislado de la red, se tiene que calcular siempre en base a la demanda de energ\u00eda del usuario y a la localidad de la instalaci\u00f3n. La energ\u00eda se suministra a trav\u00e9s de m\u00f3dulos fotovoltaicos reforzados por una red de bater\u00edas o un sistema aut\u00f3nomo de energ\u00eda \u2013 generadores- que cubren las horas donde la radiaci\u00f3n solar es menor y no llega a abastecer por completo las instalaciones.<\/p>\n<p>Jofer realiza este tipo de instalaciones en los casos donde no exista la posibilidad de conectarse a una red que suministre la energ\u00eda para abastecer la totalidad de energ\u00eda consumida.<\/p>\n<h3>Solar t\u00e9rmica<\/h3>\n<p>Las placas solares t\u00e9rmicas permiten aprovechar la energ\u00eda solar para generar calor el cual se utilizar\u00e1 en viviendas para un uso de agua caliente sanitaria (acs), calefacci\u00f3n, climatizaci\u00f3n de piscinas, etc. En Jofer se ofrece\u00a0la posibilidad de instalar este tipo de placas en viviendas o superficies, de la manera m\u00e1s sencilla y c\u00f3moda para el cliente.<\/p>\n<h3>Geotermia<\/h3>\n<p>La geotermia se basa en el funcionamiento de una bomba de calor que no lo produce, sino que lo transporta. La geotermia es un caso particular de bomba de calor para climatizaci\u00f3n\u00a0 y ACS en el que se usa el subsuelo como captador de energ\u00eda, de forma que se consigue un mayor rendimiento, aprovechando la gran estabilidad de temperaturas que nos ofrece el terreno a partir de cierta profundidad.<\/p>\n<p>Jofer\u00a0gestiona todo el proceso de instalaci\u00f3n, desde el c\u00e1lculo de la misma, hasta la puesta en marcha. Adem\u00e1s, realiza el mantenimiento de las instalaciones para controlar que todo el funcionamiento se lleva a cabo de forma \u00f3ptima.<\/p>\n<h3>Aerotermia<\/h3>\n<p>La aerotermia se presenta como un excelente medio para obtener gran parte de la energ\u00eda necesaria para climatizar una vivienda,\u00a0convirtiendo la energ\u00eda natural procedente del aire en una climatizaci\u00f3n renovable y eficiente, consiguiendo as\u00ed reducir el consumo energ\u00e9tico.<\/p>\n<p>Desde Jofer quieren\u00a0sacarle el m\u00e1ximo partido a tu inversi\u00f3n, por eso, se\u00a0preocupan en todo momento de hacer un dise\u00f1o a su medida adem\u00e1s de gestionar y mantener sus instalaciones para que todo funcione correctamente.<\/p>","protected":false},"excerpt":{"rendered":"<p>\u00c1reas &#8211; Renovables Fotovoltaica Con conexi\u00f3n a red Los sistemas fotovoltaicos conectados a la red el\u00e9ctrica pueden ser de peque\u00f1o tama\u00f1o (instalaci\u00f3n en vivienda individual) o centrales de gran tama\u00f1o (instalaci\u00f3n en agrupaci\u00f3n, instalaci\u00f3n fija en el suelo, etc.). Las instalaciones solares fotovoltaicas de conexi\u00f3n a red tienen la particularidad de trabajar en intercambio con&#8230; <\/p>\n<div class=\"clear\"><\/div>\n<p><a href=\"https:\/\/jofer.pro\/pt\/renovables\/\" class=\"excerpt-read-more\">Learn More<i class=\"fa fa-angle-double-right icon-double-angle-right\"><\/i><\/a><\/p>\n","protected":false},"author":3,"featured_media":0,"parent":0,"menu_order":0,"comment_status":"closed","ping_status":"closed","template":"","meta":{"footnotes":""},"class_list":["post-4104","page","type-page","status-publish","hentry"],"yoast_head":"<!-- This site is optimized with the Yoast SEO plugin v26.5 - https:\/\/yoast.com\/wordpress\/plugins\/seo\/ -->\n<title>Renovables - Jofer<\/title>\n<meta name=\"robots\" content=\"index, follow, max-snippet:-1, max-image-preview:large, max-video-preview:-1\" \/>\n<link rel=\"canonical\" href=\"https:\/\/jofer.pro\/pt\/renovables\/\" \/>\n<meta property=\"og:locale\" content=\"pt_PT\" \/>\n<meta property=\"og:type\" content=\"article\" \/>\n<meta property=\"og:title\" content=\"Renovables - Jofer\" \/>\n<meta property=\"og:description\" content=\"\u00c1reas &#8211; Renovables Fotovoltaica Con conexi\u00f3n a red Los sistemas fotovoltaicos conectados a la red el\u00e9ctrica pueden ser de peque\u00f1o tama\u00f1o (instalaci\u00f3n en vivienda individual) o centrales de gran tama\u00f1o (instalaci\u00f3n en agrupaci\u00f3n, instalaci\u00f3n fija en el suelo, etc.). Las instalaciones solares fotovoltaicas de conexi\u00f3n a red tienen la particularidad de trabajar en intercambio con... Learn More\" \/>\n<meta property=\"og:url\" content=\"https:\/\/jofer.pro\/pt\/renovables\/\" \/>\n<meta property=\"og:site_name\" content=\"Jofer\" \/>\n<meta property=\"article:modified_time\" content=\"2018-01-11T14:15:54+00:00\" \/>\n<meta name=\"twitter:card\" content=\"summary_large_image\" \/>\n<meta name=\"twitter:label1\" content=\"Tempo estimado de leitura\" \/>\n\t<meta name=\"twitter:data1\" content=\"7 minutos\" \/>\n<script type=\"application\/ld+json\" class=\"yoast-schema-graph\">{\"@context\":\"https:\/\/schema.org\",\"@graph\":[{\"@type\":\"WebPage\",\"@id\":\"https:\/\/jofer.pro\/pt\/renovables\/\",\"url\":\"https:\/\/jofer.pro\/pt\/renovables\/\",\"name\":\"Renovables - Jofer\",\"isPartOf\":{\"@id\":\"https:\/\/jofer.pro\/#website\"},\"datePublished\":\"2017-09-01T09:15:53+00:00\",\"dateModified\":\"2018-01-11T14:15:54+00:00\",\"breadcrumb\":{\"@id\":\"https:\/\/jofer.pro\/pt\/renovables\/#breadcrumb\"},\"inLanguage\":\"pt-PT\",\"potentialAction\":[{\"@type\":\"ReadAction\",\"target\":[\"https:\/\/jofer.pro\/pt\/renovables\/\"]}]},{\"@type\":\"BreadcrumbList\",\"@id\":\"https:\/\/jofer.pro\/pt\/renovables\/#breadcrumb\",\"itemListElement\":[{\"@type\":\"ListItem\",\"position\":1,\"name\":\"Portada\",\"item\":\"https:\/\/jofer.pro\/\"},{\"@type\":\"ListItem\",\"position\":2,\"name\":\"Renovables\"}]},{\"@type\":\"WebSite\",\"@id\":\"https:\/\/jofer.pro\/#website\",\"url\":\"https:\/\/jofer.pro\/\",\"name\":\"Jofer\",\"description\":\"\",\"publisher\":{\"@id\":\"https:\/\/jofer.pro\/#organization\"},\"potentialAction\":[{\"@type\":\"SearchAction\",\"target\":{\"@type\":\"EntryPoint\",\"urlTemplate\":\"https:\/\/jofer.pro\/?s={search_term_string}\"},\"query-input\":{\"@type\":\"PropertyValueSpecification\",\"valueRequired\":true,\"valueName\":\"search_term_string\"}}],\"inLanguage\":\"pt-PT\"},{\"@type\":\"Organization\",\"@id\":\"https:\/\/jofer.pro\/#organization\",\"name\":\"Jofer\",\"url\":\"https:\/\/jofer.pro\/\",\"logo\":{\"@type\":\"ImageObject\",\"inLanguage\":\"pt-PT\",\"@id\":\"https:\/\/jofer.pro\/#\/schema\/logo\/image\/\",\"url\":\"https:\/\/jofer.pro\/wp-content\/uploads\/2017\/06\/Logotipo1.png\",\"contentUrl\":\"https:\/\/jofer.pro\/wp-content\/uploads\/2017\/06\/Logotipo1.png\",\"width\":496,\"height\":210,\"caption\":\"Jofer\"},\"image\":{\"@id\":\"https:\/\/jofer.pro\/#\/schema\/logo\/image\/\"},\"sameAs\":[\"https:\/\/www.linkedin.com\/in\/jose-maria-fernandez-ca\u00f1as-a80a7b21?ppe=1\"]}]}<\/script>\n<!-- \/ Yoast SEO plugin. -->","yoast_head_json":{"title":"Renovables - Jofer","robots":{"index":"index","follow":"follow","max-snippet":"max-snippet:-1","max-image-preview":"max-image-preview:large","max-video-preview":"max-video-preview:-1"},"canonical":"https:\/\/jofer.pro\/pt\/renovables\/","og_locale":"pt_PT","og_type":"article","og_title":"Renovables - Jofer","og_description":"\u00c1reas &#8211; Renovables Fotovoltaica Con conexi\u00f3n a red Los sistemas fotovoltaicos conectados a la red el\u00e9ctrica pueden ser de peque\u00f1o tama\u00f1o (instalaci\u00f3n en vivienda individual) o centrales de gran tama\u00f1o (instalaci\u00f3n en agrupaci\u00f3n, instalaci\u00f3n fija en el suelo, etc.). Las instalaciones solares fotovoltaicas de conexi\u00f3n a red tienen la particularidad de trabajar en intercambio con... Learn More","og_url":"https:\/\/jofer.pro\/pt\/renovables\/","og_site_name":"Jofer","article_modified_time":"2018-01-11T14:15:54+00:00","twitter_card":"summary_large_image","twitter_misc":{"Tempo estimado de leitura":"7 minutos"},"schema":{"@context":"https:\/\/schema.org","@graph":[{"@type":"WebPage","@id":"https:\/\/jofer.pro\/pt\/renovables\/","url":"https:\/\/jofer.pro\/pt\/renovables\/","name":"Renovables - Jofer","isPartOf":{"@id":"https:\/\/jofer.pro\/#website"},"datePublished":"2017-09-01T09:15:53+00:00","dateModified":"2018-01-11T14:15:54+00:00","breadcrumb":{"@id":"https:\/\/jofer.pro\/pt\/renovables\/#breadcrumb"},"inLanguage":"pt-PT","potentialAction":[{"@type":"ReadAction","target":["https:\/\/jofer.pro\/pt\/renovables\/"]}]},{"@type":"BreadcrumbList","@id":"https:\/\/jofer.pro\/pt\/renovables\/#breadcrumb","itemListElement":[{"@type":"ListItem","position":1,"name":"Portada","item":"https:\/\/jofer.pro\/"},{"@type":"ListItem","position":2,"name":"Renovables"}]},{"@type":"WebSite","@id":"https:\/\/jofer.pro\/#website","url":"https:\/\/jofer.pro\/","name":"Jofer","description":"","publisher":{"@id":"https:\/\/jofer.pro\/#organization"},"potentialAction":[{"@type":"SearchAction","target":{"@type":"EntryPoint","urlTemplate":"https:\/\/jofer.pro\/?s={search_term_string}"},"query-input":{"@type":"PropertyValueSpecification","valueRequired":true,"valueName":"search_term_string"}}],"inLanguage":"pt-PT"},{"@type":"Organization","@id":"https:\/\/jofer.pro\/#organization","name":"Jofer","url":"https:\/\/jofer.pro\/","logo":{"@type":"ImageObject","inLanguage":"pt-PT","@id":"https:\/\/jofer.pro\/#\/schema\/logo\/image\/","url":"https:\/\/jofer.pro\/wp-content\/uploads\/2017\/06\/Logotipo1.png","contentUrl":"https:\/\/jofer.pro\/wp-content\/uploads\/2017\/06\/Logotipo1.png","width":496,"height":210,"caption":"Jofer"},"image":{"@id":"https:\/\/jofer.pro\/#\/schema\/logo\/image\/"},"sameAs":["https:\/\/www.linkedin.com\/in\/jose-maria-fernandez-ca\u00f1as-a80a7b21?ppe=1"]}]}},"_links":{"self":[{"href":"https:\/\/jofer.pro\/pt\/wp-json\/wp\/v2\/pages\/4104","targetHints":{"allow":["GET"]}}],"collection":[{"href":"https:\/\/jofer.pro\/pt\/wp-json\/wp\/v2\/pages"}],"about":[{"href":"https:\/\/jofer.pro\/pt\/wp-json\/wp\/v2\/types\/page"}],"author":[{"embeddable":true,"href":"https:\/\/jofer.pro\/pt\/wp-json\/wp\/v2\/users\/3"}],"replies":[{"embeddable":true,"href":"https:\/\/jofer.pro\/pt\/wp-json\/wp\/v2\/comments?post=4104"}],"version-history":[{"count":10,"href":"https:\/\/jofer.pro\/pt\/wp-json\/wp\/v2\/pages\/4104\/revisions"}],"predecessor-version":[{"id":4819,"href":"https:\/\/jofer.pro\/pt\/wp-json\/wp\/v2\/pages\/4104\/revisions\/4819"}],"wp:attachment":[{"href":"https:\/\/jofer.pro\/pt\/wp-json\/wp\/v2\/media?parent=4104"}],"curies":[{"name":"wp","href":"https:\/\/api.w.org\/{rel}","templated":true}]}}