{"id":4106,"date":"2017-09-01T09:17:14","date_gmt":"2017-09-01T09:17:14","guid":{"rendered":"http:\/\/jofer.pro\/?page_id=4106"},"modified":"2018-01-16T10:26:06","modified_gmt":"2018-01-16T10:26:06","slug":"singulares","status":"publish","type":"page","link":"https:\/\/jofer.pro\/pt\/singulares\/","title":{"rendered":"Instalaciones Singulares"},"content":{"rendered":"<p><a href=\"https:\/\/jofer.pro\/areas\/\">\u00c1reas<\/a> &#8211; <span style=\"color: #f4e610; font-size: 19px; font-weight: bold;\">Instalaciones Singulares<\/span><br \/>\nJofer se adapta a cualquier terreno y esto se ha llevado a cabo mediante la especializaci\u00f3n\u00a0en la gesti\u00f3n e instalaci\u00f3n de todo tipo de sistemas en edificios con particularidades diferentes.<\/p>\n<p>Uno de los ejemplos m\u00e1s destacables fue el trabajo que realizaron para el palacio de los Marqueses de Cabra, donde hicieron\u00a0una instalaci\u00f3n de climatizaci\u00f3n para una sala de servidores que funciona las 24 horas del d\u00eda todos los d\u00edas del a\u00f1o. Este trabajo supuso un gran reto para Jofer puesto que se trataba de un edificio con ciertas particularidades a las que supieron adaptarse y crear soluciones dise\u00f1adas exclusivamente para sus clientes consiguiendo los mejores resultados.<\/p>","protected":false},"excerpt":{"rendered":"<p>\u00c1reas &#8211; Instalaciones Singulares Jofer se adapta a cualquier terreno y esto se ha llevado a cabo mediante la especializaci\u00f3n\u00a0en la gesti\u00f3n e instalaci\u00f3n de todo tipo de sistemas en edificios con particularidades diferentes. Uno de los ejemplos m\u00e1s destacables fue el trabajo que realizaron para el palacio de los Marqueses de Cabra, donde hicieron\u00a0una&#8230; <\/p>\n<div class=\"clear\"><\/div>\n<p><a href=\"https:\/\/jofer.pro\/pt\/singulares\/\" class=\"excerpt-read-more\">Learn More<i class=\"fa fa-angle-double-right icon-double-angle-right\"><\/i><\/a><\/p>\n","protected":false},"author":3,"featured_media":0,"parent":0,"menu_order":0,"comment_status":"closed","ping_status":"closed","template":"","meta":{"footnotes":""},"class_list":["post-4106","page","type-page","status-publish","hentry"],"yoast_head":"<!-- This site is optimized with the Yoast SEO plugin v26.5 - https:\/\/yoast.com\/wordpress\/plugins\/seo\/ -->\n<title>Instalaciones Singulares - Jofer<\/title>\n<meta name=\"robots\" content=\"index, follow, max-snippet:-1, max-image-preview:large, max-video-preview:-1\" \/>\n<link rel=\"canonical\" href=\"https:\/\/jofer.pro\/singulares\/\" \/>\n<meta property=\"og:locale\" content=\"pt_PT\" \/>\n<meta property=\"og:type\" content=\"article\" \/>\n<meta property=\"og:title\" content=\"Instalaciones Singulares - Jofer\" \/>\n<meta property=\"og:description\" content=\"\u00c1reas &#8211; Instalaciones Singulares Jofer se adapta a cualquier terreno y esto se ha llevado a cabo mediante la especializaci\u00f3n\u00a0en la gesti\u00f3n e instalaci\u00f3n de todo tipo de sistemas en edificios con particularidades diferentes. Uno de los ejemplos m\u00e1s destacables fue el trabajo que realizaron para el palacio de los Marqueses de Cabra, donde hicieron\u00a0una... Learn More\" \/>\n<meta property=\"og:url\" content=\"https:\/\/jofer.pro\/singulares\/\" \/>\n<meta property=\"og:site_name\" content=\"Jofer\" \/>\n<meta property=\"article:modified_time\" content=\"2018-01-16T10:26:06+00:00\" \/>\n<meta name=\"twitter:card\" content=\"summary_large_image\" \/>\n<meta name=\"twitter:label1\" content=\"Tempo estimado de leitura\" \/>\n\t<meta name=\"twitter:data1\" content=\"2 minutos\" \/>\n<script type=\"application\/ld+json\" class=\"yoast-schema-graph\">{\"@context\":\"https:\/\/schema.org\",\"@graph\":[{\"@type\":\"WebPage\",\"@id\":\"https:\/\/jofer.pro\/singulares\/\",\"url\":\"https:\/\/jofer.pro\/singulares\/\",\"name\":\"Instalaciones Singulares - Jofer\",\"isPartOf\":{\"@id\":\"https:\/\/jofer.pro\/#website\"},\"datePublished\":\"2017-09-01T09:17:14+00:00\",\"dateModified\":\"2018-01-16T10:26:06+00:00\",\"breadcrumb\":{\"@id\":\"https:\/\/jofer.pro\/singulares\/#breadcrumb\"},\"inLanguage\":\"pt-PT\",\"potentialAction\":[{\"@type\":\"ReadAction\",\"target\":[\"https:\/\/jofer.pro\/singulares\/\"]}]},{\"@type\":\"BreadcrumbList\",\"@id\":\"https:\/\/jofer.pro\/singulares\/#breadcrumb\",\"itemListElement\":[{\"@type\":\"ListItem\",\"position\":1,\"name\":\"Portada\",\"item\":\"https:\/\/jofer.pro\/\"},{\"@type\":\"ListItem\",\"position\":2,\"name\":\"Instalaciones Singulares\"}]},{\"@type\":\"WebSite\",\"@id\":\"https:\/\/jofer.pro\/#website\",\"url\":\"https:\/\/jofer.pro\/\",\"name\":\"Jofer\",\"description\":\"\",\"publisher\":{\"@id\":\"https:\/\/jofer.pro\/#organization\"},\"potentialAction\":[{\"@type\":\"SearchAction\",\"target\":{\"@type\":\"EntryPoint\",\"urlTemplate\":\"https:\/\/jofer.pro\/?s={search_term_string}\"},\"query-input\":{\"@type\":\"PropertyValueSpecification\",\"valueRequired\":true,\"valueName\":\"search_term_string\"}}],\"inLanguage\":\"pt-PT\"},{\"@type\":\"Organization\",\"@id\":\"https:\/\/jofer.pro\/#organization\",\"name\":\"Jofer\",\"url\":\"https:\/\/jofer.pro\/\",\"logo\":{\"@type\":\"ImageObject\",\"inLanguage\":\"pt-PT\",\"@id\":\"https:\/\/jofer.pro\/#\/schema\/logo\/image\/\",\"url\":\"https:\/\/jofer.pro\/wp-content\/uploads\/2017\/06\/Logotipo1.png\",\"contentUrl\":\"https:\/\/jofer.pro\/wp-content\/uploads\/2017\/06\/Logotipo1.png\",\"width\":496,\"height\":210,\"caption\":\"Jofer\"},\"image\":{\"@id\":\"https:\/\/jofer.pro\/#\/schema\/logo\/image\/\"},\"sameAs\":[\"https:\/\/www.linkedin.com\/in\/jose-maria-fernandez-ca\u00f1as-a80a7b21?ppe=1\"]}]}<\/script>\n<!-- \/ Yoast SEO plugin. -->","yoast_head_json":{"title":"Instalaciones Singulares - Jofer","robots":{"index":"index","follow":"follow","max-snippet":"max-snippet:-1","max-image-preview":"max-image-preview:large","max-video-preview":"max-video-preview:-1"},"canonical":"https:\/\/jofer.pro\/singulares\/","og_locale":"pt_PT","og_type":"article","og_title":"Instalaciones Singulares - Jofer","og_description":"\u00c1reas &#8211; Instalaciones Singulares Jofer se adapta a cualquier terreno y esto se ha llevado a cabo mediante la especializaci\u00f3n\u00a0en la gesti\u00f3n e instalaci\u00f3n de todo tipo de sistemas en edificios con particularidades diferentes. Uno de los ejemplos m\u00e1s destacables fue el trabajo que realizaron para el palacio de los Marqueses de Cabra, donde hicieron\u00a0una... Learn More","og_url":"https:\/\/jofer.pro\/singulares\/","og_site_name":"Jofer","article_modified_time":"2018-01-16T10:26:06+00:00","twitter_card":"summary_large_image","twitter_misc":{"Tempo estimado de leitura":"2 minutos"},"schema":{"@context":"https:\/\/schema.org","@graph":[{"@type":"WebPage","@id":"https:\/\/jofer.pro\/singulares\/","url":"https:\/\/jofer.pro\/singulares\/","name":"Instalaciones Singulares - Jofer","isPartOf":{"@id":"https:\/\/jofer.pro\/#website"},"datePublished":"2017-09-01T09:17:14+00:00","dateModified":"2018-01-16T10:26:06+00:00","breadcrumb":{"@id":"https:\/\/jofer.pro\/singulares\/#breadcrumb"},"inLanguage":"pt-PT","potentialAction":[{"@type":"ReadAction","target":["https:\/\/jofer.pro\/singulares\/"]}]},{"@type":"BreadcrumbList","@id":"https:\/\/jofer.pro\/singulares\/#breadcrumb","itemListElement":[{"@type":"ListItem","position":1,"name":"Portada","item":"https:\/\/jofer.pro\/"},{"@type":"ListItem","position":2,"name":"Instalaciones Singulares"}]},{"@type":"WebSite","@id":"https:\/\/jofer.pro\/#website","url":"https:\/\/jofer.pro\/","name":"Jofer","description":"","publisher":{"@id":"https:\/\/jofer.pro\/#organization"},"potentialAction":[{"@type":"SearchAction","target":{"@type":"EntryPoint","urlTemplate":"https:\/\/jofer.pro\/?s={search_term_string}"},"query-input":{"@type":"PropertyValueSpecification","valueRequired":true,"valueName":"search_term_string"}}],"inLanguage":"pt-PT"},{"@type":"Organization","@id":"https:\/\/jofer.pro\/#organization","name":"Jofer","url":"https:\/\/jofer.pro\/","logo":{"@type":"ImageObject","inLanguage":"pt-PT","@id":"https:\/\/jofer.pro\/#\/schema\/logo\/image\/","url":"https:\/\/jofer.pro\/wp-content\/uploads\/2017\/06\/Logotipo1.png","contentUrl":"https:\/\/jofer.pro\/wp-content\/uploads\/2017\/06\/Logotipo1.png","width":496,"height":210,"caption":"Jofer"},"image":{"@id":"https:\/\/jofer.pro\/#\/schema\/logo\/image\/"},"sameAs":["https:\/\/www.linkedin.com\/in\/jose-maria-fernandez-ca\u00f1as-a80a7b21?ppe=1"]}]}},"_links":{"self":[{"href":"https:\/\/jofer.pro\/pt\/wp-json\/wp\/v2\/pages\/4106","targetHints":{"allow":["GET"]}}],"collection":[{"href":"https:\/\/jofer.pro\/pt\/wp-json\/wp\/v2\/pages"}],"about":[{"href":"https:\/\/jofer.pro\/pt\/wp-json\/wp\/v2\/types\/page"}],"author":[{"embeddable":true,"href":"https:\/\/jofer.pro\/pt\/wp-json\/wp\/v2\/users\/3"}],"replies":[{"embeddable":true,"href":"https:\/\/jofer.pro\/pt\/wp-json\/wp\/v2\/comments?post=4106"}],"version-history":[{"count":10,"href":"https:\/\/jofer.pro\/pt\/wp-json\/wp\/v2\/pages\/4106\/revisions"}],"predecessor-version":[{"id":4868,"href":"https:\/\/jofer.pro\/pt\/wp-json\/wp\/v2\/pages\/4106\/revisions\/4868"}],"wp:attachment":[{"href":"https:\/\/jofer.pro\/pt\/wp-json\/wp\/v2\/media?parent=4106"}],"curies":[{"name":"wp","href":"https:\/\/api.w.org\/{rel}","templated":true}]}}