{"id":4449,"date":"2017-10-17T08:25:17","date_gmt":"2017-10-17T08:25:17","guid":{"rendered":"http:\/\/jofer.pro\/?page_id=4449"},"modified":"2025-12-12T13:25:14","modified_gmt":"2025-12-12T11:25:14","slug":"politica-de-cookies","status":"publish","type":"page","link":"https:\/\/jofer.pro\/pt\/politica-de-cookies\/","title":{"rendered":"Pol\u00edtica de Cookies"},"content":{"rendered":"<p>POL\u00cdTICA DE COOKIES<\/p>\n<p>Um cookie \u00e9 um ficheiro que \u00e9 descarregado para o seu computador quando acede a determinadas p\u00e1ginas web. Os cookies permitem que um website, entre outras coisas, armazene e recupere informa\u00e7\u00f5es sobre os h\u00e1bitos de navega\u00e7\u00e3o de um utilizador ou sobre o seu dispositivo e, dependendo das informa\u00e7\u00f5es que cont\u00eam e da forma como utiliza o seu dispositivo, podem ser utilizados para reconhecer o utilizador. O browser do utilizador armazena os cookies no disco r\u00edgido apenas durante a sess\u00e3o atual, ocupando um espa\u00e7o m\u00ednimo de mem\u00f3ria e sem prejudicar o computador. Os cookies n\u00e3o cont\u00eam qualquer informa\u00e7\u00e3o pessoal espec\u00edfica e a maioria deles \u00e9 eliminada do disco r\u00edgido quando a sess\u00e3o do browser termina (estes s\u00e3o designados por cookies de sess\u00e3o).<\/p>\n<p>A maioria dos navegadores aceita cookies por defeito e, independentemente disso, permite ou bloqueia cookies tempor\u00e1rios ou persistentes nas suas defini\u00e7\u00f5es de seguran\u00e7a.<\/p>\n<p>Sem o seu consentimento expl\u00edcito \u2013 ao ativar os cookies no seu navegador \u2013 a SOLUCIONES JOFER SL n\u00e3o associar\u00e1 os dados armazenados em cookies aos seus dados pessoais fornecidos.<\/p>\n<p>Que tipos de cookies utiliza este site?<\/p>\n<p>&#8211; Cookies t\u00e9cnicos: Estes cookies permitem aos utilizadores navegar num website, plataforma ou aplica\u00e7\u00e3o e utilizar as suas diversas op\u00e7\u00f5es e servi\u00e7os, como controlar o tr\u00e1fego de dados e a comunica\u00e7\u00e3o, identificar a sess\u00e3o, aceder a \u00e1reas restritas, recordar itens numa encomenda, concluir o processo de compra, registar-se ou participar num evento, utilizar recursos de seguran\u00e7a durante a navega\u00e7\u00e3o, armazenar conte\u00fados para reprodu\u00e7\u00e3o de v\u00eddeo ou \u00e1udio ou partilhar conte\u00fados atrav\u00e9s das redes sociais.<\/p>\n<p>&#8211; Cookies de personaliza\u00e7\u00e3o: Estes cookies permitem aos utilizadores aceder ao servi\u00e7o com determinadas caracter\u00edsticas gerais predefinidas com base em crit\u00e9rios como o idioma, o tipo de browser e as defini\u00e7\u00f5es regionais.<\/p>\n<p>&#8211; Cookies anal\u00edticos: Estes cookies, processados \u200b\u200bpor n\u00f3s ou por terceiros, permitem quantificar o n\u00famero de utilizadores e, assim, realizar an\u00e1lises estat\u00edsticas sobre a forma como os utilizadores utilizam o servi\u00e7o. Para tal, analisamos a sua atividade de navega\u00e7\u00e3o no nosso website de forma a melhorar os produtos ou servi\u00e7os que oferecemos.<\/p>\n<p>&#8211; Cookies de publicidade: Estes cookies, processados \u200b\u200bpor n\u00f3s ou por terceiros, permitem gerir o espa\u00e7o publicit\u00e1rio no site da forma mais eficaz poss\u00edvel, adaptando o conte\u00fado dos an\u00fancios ao servi\u00e7o solicitado ou \u00e0 sua utiliza\u00e7\u00e3o do nosso site. Para isso, podemos analisar os seus h\u00e1bitos de navega\u00e7\u00e3o na internet e exibir an\u00fancios relacionados com o seu perfil de navega\u00e7\u00e3o.<\/p>\n<p>&#8211; Cookies de publicidade comportamental: Estes cookies permitem-nos gerir, da forma mais eficaz poss\u00edvel, o espa\u00e7o publicit\u00e1rio que o editor possa ter inclu\u00eddo num website, aplica\u00e7\u00e3o ou plataforma a partir da qual o servi\u00e7o solicitado \u00e9 prestado. Estes cookies armazenam informa\u00e7\u00f5es sobre o comportamento do utilizador, obtidas atrav\u00e9s da observa\u00e7\u00e3o cont\u00ednua dos h\u00e1bitos de navega\u00e7\u00e3o, permitindo-nos desenvolver um perfil espec\u00edfico para exibir an\u00fancios com base nesse perfil.<\/p>\n<p>&#8211; Cookies de terceiros: O site da SOLUCIONES JOFER SL pode utilizar servi\u00e7os de terceiros que recolhem informa\u00e7\u00e3o para fins estat\u00edsticos, referentes \u00e0 atividade do utilizador no site, e para a presta\u00e7\u00e3o de outros servi\u00e7os relacionados com a atividade do site e outros servi\u00e7os de internet.<\/p>\n<p>&#8211; Cookies de terceiros: O site da SOLUCIONES JOFER SL pode utilizar servi\u00e7os de terceiros que recolhem informa\u00e7\u00e3o para fins estat\u00edsticos, referentes \u00e0 atividade do utilizador no site, e para a presta\u00e7\u00e3o de outros servi\u00e7os relacionados com a atividade do site e outros servi\u00e7os de internet. Em particular, este website utiliza o Google Analytics, um servi\u00e7o de an\u00e1lise da web fornecido pela Google, Inc., com sede nos Estados Unidos, no endere\u00e7o 1600 Amphitheatre Parkway, Mountain View, Calif\u00f3rnia 94043. Para fornecer estes servi\u00e7os, o Google Analytics utiliza cookies que recolhem informa\u00e7\u00f5es, incluindo o endere\u00e7o IP do utilizador, que ser\u00e3o transmitidas, processadas e armazenadas pelo Google de acordo com os termos estabelecidos no Google.com. Isto inclui a poss\u00edvel transfer\u00eancia dessas informa\u00e7\u00f5es para terceiros quando exigido por lei ou quando esses terceiros processam as informa\u00e7\u00f5es em nome da Google.<\/p>\n<p>Ao utilizar este site, o utilizador consente expressamente o processamento das informa\u00e7\u00f5es recolhidas da forma e para os fins descritos acima. O utilizador reconhece ainda que pode recusar o processamento destes dados ou informa\u00e7\u00f5es, rejeitando a utiliza\u00e7\u00e3o de cookies atrav\u00e9s das defini\u00e7\u00f5es adequadas no seu navegador. No entanto, o bloqueio de cookies no seu browser pode impedi-lo de utilizar todas as funcionalidades do site.<\/p>\n<p>Este site utiliza os servi\u00e7os da Google, que permitem a transfer\u00eancia do endere\u00e7o IP do utilizador para a Google, Inc. Ao utilizar este site, o utilizador consente expressamente essa transfer\u00eancia.<\/p>\n<p>Pode permitir, bloquear ou eliminar os cookies instalados no seu computador configurando as defini\u00e7\u00f5es do seu browser.<\/p>\n<p>Caso tenha alguma d\u00favida sobre esta pol\u00edtica de cookies, por favor contacte a SOLUCIONES JOFER SL atrav\u00e9s do e-mail INFO@JOFER.PRO.<\/p>","protected":false},"excerpt":{"rendered":"<p>POL\u00cdTICA DE COOKIES Um cookie \u00e9 um ficheiro que \u00e9 descarregado para o seu computador quando acede a determinadas p\u00e1ginas web. Os cookies permitem que um website, entre outras coisas, armazene e recupere informa\u00e7\u00f5es sobre os h\u00e1bitos de navega\u00e7\u00e3o de um utilizador ou sobre o seu dispositivo e, dependendo das informa\u00e7\u00f5es que cont\u00eam e da&#8230; <\/p>\n<div class=\"clear\"><\/div>\n<p><a href=\"https:\/\/jofer.pro\/pt\/politica-de-cookies\/\" class=\"excerpt-read-more\">Learn More<i class=\"fa fa-angle-double-right icon-double-angle-right\"><\/i><\/a><\/p>\n","protected":false},"author":3,"featured_media":0,"parent":0,"menu_order":0,"comment_status":"closed","ping_status":"closed","template":"","meta":{"footnotes":""},"class_list":["post-4449","page","type-page","status-publish","hentry"],"yoast_head":"<!-- This site is optimized with the Yoast SEO plugin v26.5 - https:\/\/yoast.com\/wordpress\/plugins\/seo\/ -->\n<title>Pol\u00edtica de Cookies - Jofer<\/title>\n<meta name=\"robots\" content=\"index, follow, max-snippet:-1, max-image-preview:large, max-video-preview:-1\" \/>\n<link rel=\"canonical\" href=\"https:\/\/jofer.pro\/politica-de-cookies\/\" \/>\n<meta property=\"og:locale\" content=\"pt_PT\" \/>\n<meta property=\"og:type\" content=\"article\" \/>\n<meta property=\"og:title\" content=\"Pol\u00edtica de Cookies - Jofer\" \/>\n<meta property=\"og:description\" content=\"POL\u00cdTICA DE COOKIES Um cookie \u00e9 um ficheiro que \u00e9 descarregado para o seu computador quando acede a determinadas p\u00e1ginas web. Os cookies permitem que um website, entre outras coisas, armazene e recupere informa\u00e7\u00f5es sobre os h\u00e1bitos de navega\u00e7\u00e3o de um utilizador ou sobre o seu dispositivo e, dependendo das informa\u00e7\u00f5es que cont\u00eam e da... Learn More\" \/>\n<meta property=\"og:url\" content=\"https:\/\/jofer.pro\/politica-de-cookies\/\" \/>\n<meta property=\"og:site_name\" content=\"Jofer\" \/>\n<meta property=\"article:modified_time\" content=\"2025-12-12T11:25:14+00:00\" \/>\n<meta name=\"twitter:card\" content=\"summary_large_image\" \/>\n<meta name=\"twitter:label1\" content=\"Tempo estimado de leitura\" \/>\n\t<meta name=\"twitter:data1\" content=\"13 minutos\" \/>\n<script type=\"application\/ld+json\" class=\"yoast-schema-graph\">{\"@context\":\"https:\/\/schema.org\",\"@graph\":[{\"@type\":\"WebPage\",\"@id\":\"https:\/\/jofer.pro\/politica-de-cookies\/\",\"url\":\"https:\/\/jofer.pro\/politica-de-cookies\/\",\"name\":\"Pol\u00edtica de Cookies - Jofer\",\"isPartOf\":{\"@id\":\"https:\/\/jofer.pro\/#website\"},\"datePublished\":\"2017-10-17T08:25:17+00:00\",\"dateModified\":\"2025-12-12T11:25:14+00:00\",\"breadcrumb\":{\"@id\":\"https:\/\/jofer.pro\/politica-de-cookies\/#breadcrumb\"},\"inLanguage\":\"pt-PT\",\"potentialAction\":[{\"@type\":\"ReadAction\",\"target\":[\"https:\/\/jofer.pro\/politica-de-cookies\/\"]}]},{\"@type\":\"BreadcrumbList\",\"@id\":\"https:\/\/jofer.pro\/politica-de-cookies\/#breadcrumb\",\"itemListElement\":[{\"@type\":\"ListItem\",\"position\":1,\"name\":\"Portada\",\"item\":\"https:\/\/jofer.pro\/\"},{\"@type\":\"ListItem\",\"position\":2,\"name\":\"Pol\u00edtica de Cookies\"}]},{\"@type\":\"WebSite\",\"@id\":\"https:\/\/jofer.pro\/#website\",\"url\":\"https:\/\/jofer.pro\/\",\"name\":\"Jofer\",\"description\":\"\",\"publisher\":{\"@id\":\"https:\/\/jofer.pro\/#organization\"},\"potentialAction\":[{\"@type\":\"SearchAction\",\"target\":{\"@type\":\"EntryPoint\",\"urlTemplate\":\"https:\/\/jofer.pro\/?s={search_term_string}\"},\"query-input\":{\"@type\":\"PropertyValueSpecification\",\"valueRequired\":true,\"valueName\":\"search_term_string\"}}],\"inLanguage\":\"pt-PT\"},{\"@type\":\"Organization\",\"@id\":\"https:\/\/jofer.pro\/#organization\",\"name\":\"Jofer\",\"url\":\"https:\/\/jofer.pro\/\",\"logo\":{\"@type\":\"ImageObject\",\"inLanguage\":\"pt-PT\",\"@id\":\"https:\/\/jofer.pro\/#\/schema\/logo\/image\/\",\"url\":\"https:\/\/jofer.pro\/wp-content\/uploads\/2017\/06\/Logotipo1.png\",\"contentUrl\":\"https:\/\/jofer.pro\/wp-content\/uploads\/2017\/06\/Logotipo1.png\",\"width\":496,\"height\":210,\"caption\":\"Jofer\"},\"image\":{\"@id\":\"https:\/\/jofer.pro\/#\/schema\/logo\/image\/\"},\"sameAs\":[\"https:\/\/www.linkedin.com\/in\/jose-maria-fernandez-ca\u00f1as-a80a7b21?ppe=1\"]}]}<\/script>\n<!-- \/ Yoast SEO plugin. -->","yoast_head_json":{"title":"Pol\u00edtica de Cookies - Jofer","robots":{"index":"index","follow":"follow","max-snippet":"max-snippet:-1","max-image-preview":"max-image-preview:large","max-video-preview":"max-video-preview:-1"},"canonical":"https:\/\/jofer.pro\/politica-de-cookies\/","og_locale":"pt_PT","og_type":"article","og_title":"Pol\u00edtica de Cookies - Jofer","og_description":"POL\u00cdTICA DE COOKIES Um cookie \u00e9 um ficheiro que \u00e9 descarregado para o seu computador quando acede a determinadas p\u00e1ginas web. Os cookies permitem que um website, entre outras coisas, armazene e recupere informa\u00e7\u00f5es sobre os h\u00e1bitos de navega\u00e7\u00e3o de um utilizador ou sobre o seu dispositivo e, dependendo das informa\u00e7\u00f5es que cont\u00eam e da... Learn More","og_url":"https:\/\/jofer.pro\/politica-de-cookies\/","og_site_name":"Jofer","article_modified_time":"2025-12-12T11:25:14+00:00","twitter_card":"summary_large_image","twitter_misc":{"Tempo estimado de leitura":"13 minutos"},"schema":{"@context":"https:\/\/schema.org","@graph":[{"@type":"WebPage","@id":"https:\/\/jofer.pro\/politica-de-cookies\/","url":"https:\/\/jofer.pro\/politica-de-cookies\/","name":"Pol\u00edtica de Cookies - Jofer","isPartOf":{"@id":"https:\/\/jofer.pro\/#website"},"datePublished":"2017-10-17T08:25:17+00:00","dateModified":"2025-12-12T11:25:14+00:00","breadcrumb":{"@id":"https:\/\/jofer.pro\/politica-de-cookies\/#breadcrumb"},"inLanguage":"pt-PT","potentialAction":[{"@type":"ReadAction","target":["https:\/\/jofer.pro\/politica-de-cookies\/"]}]},{"@type":"BreadcrumbList","@id":"https:\/\/jofer.pro\/politica-de-cookies\/#breadcrumb","itemListElement":[{"@type":"ListItem","position":1,"name":"Portada","item":"https:\/\/jofer.pro\/"},{"@type":"ListItem","position":2,"name":"Pol\u00edtica de Cookies"}]},{"@type":"WebSite","@id":"https:\/\/jofer.pro\/#website","url":"https:\/\/jofer.pro\/","name":"Jofer","description":"","publisher":{"@id":"https:\/\/jofer.pro\/#organization"},"potentialAction":[{"@type":"SearchAction","target":{"@type":"EntryPoint","urlTemplate":"https:\/\/jofer.pro\/?s={search_term_string}"},"query-input":{"@type":"PropertyValueSpecification","valueRequired":true,"valueName":"search_term_string"}}],"inLanguage":"pt-PT"},{"@type":"Organization","@id":"https:\/\/jofer.pro\/#organization","name":"Jofer","url":"https:\/\/jofer.pro\/","logo":{"@type":"ImageObject","inLanguage":"pt-PT","@id":"https:\/\/jofer.pro\/#\/schema\/logo\/image\/","url":"https:\/\/jofer.pro\/wp-content\/uploads\/2017\/06\/Logotipo1.png","contentUrl":"https:\/\/jofer.pro\/wp-content\/uploads\/2017\/06\/Logotipo1.png","width":496,"height":210,"caption":"Jofer"},"image":{"@id":"https:\/\/jofer.pro\/#\/schema\/logo\/image\/"},"sameAs":["https:\/\/www.linkedin.com\/in\/jose-maria-fernandez-ca\u00f1as-a80a7b21?ppe=1"]}]}},"_links":{"self":[{"href":"https:\/\/jofer.pro\/pt\/wp-json\/wp\/v2\/pages\/4449","targetHints":{"allow":["GET"]}}],"collection":[{"href":"https:\/\/jofer.pro\/pt\/wp-json\/wp\/v2\/pages"}],"about":[{"href":"https:\/\/jofer.pro\/pt\/wp-json\/wp\/v2\/types\/page"}],"author":[{"embeddable":true,"href":"https:\/\/jofer.pro\/pt\/wp-json\/wp\/v2\/users\/3"}],"replies":[{"embeddable":true,"href":"https:\/\/jofer.pro\/pt\/wp-json\/wp\/v2\/comments?post=4449"}],"version-history":[{"count":8,"href":"https:\/\/jofer.pro\/pt\/wp-json\/wp\/v2\/pages\/4449\/revisions"}],"predecessor-version":[{"id":6741,"href":"https:\/\/jofer.pro\/pt\/wp-json\/wp\/v2\/pages\/4449\/revisions\/6741"}],"wp:attachment":[{"href":"https:\/\/jofer.pro\/pt\/wp-json\/wp\/v2\/media?parent=4449"}],"curies":[{"name":"wp","href":"https:\/\/api.w.org\/{rel}","templated":true}]}}