{"id":5000,"date":"2018-02-02T13:10:15","date_gmt":"2018-02-02T13:10:15","guid":{"rendered":"http:\/\/jofer.pro\/?page_id=5000"},"modified":"2018-02-02T14:17:12","modified_gmt":"2018-02-02T14:17:12","slug":"noticias","status":"publish","type":"page","link":"https:\/\/jofer.pro\/pt\/noticias\/","title":{"rendered":"Not\u00edcias"},"content":{"rendered":"<p><\/p>\n<div class=\"gdlr-shortcode-wrapper\"><div class=\"blog-item-wrapper\"  ><div class=\"blog-item-holder\"><div class=\"gdlr-item gdlr-blog-full\"><div class=\"gdlr-ux gdlr-blog-full-ux\">\n<article id=\"post-5557\" class=\"post-5557 post type-post status-publish format-standard has-post-thumbnail hentry category-blog category-blog-en category-blog-pt\">\n\t<div class=\"gdlr-standard-style\">\n\t\t\t\t<div class=\"gdlr-blog-thumbnail\">\n\t\t\t<a href=\"https:\/\/jofer.pro\/pt\/nuevas-instalaciones-vivienda-unifamiiar-aguadulce\/\"> <img loading=\"lazy\" decoding=\"async\" src=\"https:\/\/jofer.pro\/wp-content\/uploads\/2018\/12\/IMG-20181214-WA0002-1024x768.jpg\" alt=\"\" width=\"960\" height=\"720\" \/><\/a>\t\t<\/div>\n\t\t\n\t\t\n\t\t<div class=\"blog-content-wrapper\" >\n\t\t\t<header class=\"post-header\">\n\t\t\t\t<div class=\"gdlr-blog-info gdlr-info\"><div class=\"blog-info blog-date\"><i class=\"fa fa-calendar-o\"><\/i><a href=\"https:\/\/jofer.pro\/pt\/2019\/10\/04\/\">04 out 2019<\/a><\/div><div class=\"blog-info blog-comment\"><i class=\"fa fa-comment-o\"><\/i><a href=\"https:\/\/jofer.pro\/pt\/nuevas-instalaciones-vivienda-unifamiiar-aguadulce\/#respond\" class=\"comments-link\" >0 Comments<\/a><\/div><div class=\"blog-info blog-category\"><i class=\"fa fa-folder-o\"><\/i><a href=\"https:\/\/jofer.pro\/pt\/category\/blog\/\" rel=\"tag\">Blog<\/a><span class=\"sep\">,<\/span> <a href=\"https:\/\/jofer.pro\/pt\/category\/blog-en\/\" rel=\"tag\">Blog en<\/a><span class=\"sep\">,<\/span> <a href=\"https:\/\/jofer.pro\/pt\/category\/blog-pt\/\" rel=\"tag\">Blog pt<\/a><\/div><div class=\"clear\"><\/div><\/div>\t\t\t\n\t\t\t\t\t\t\t\t\t<h3 class=\"gdlr-blog-title\"><a href=\"https:\/\/jofer.pro\/pt\/nuevas-instalaciones-vivienda-unifamiiar-aguadulce\/\">Instala\u00e7\u00f5es no setor residencial &#8211; Aguadulce (Almer\u00eda)<\/a><\/h3>\n\t\t\t\t\t\n\t\t\t\t<div class=\"clear\"><\/div>\n\t\t\t<\/header><!-- entry-header -->\n\n\t\t\t<div class=\"gdlr-blog-content\">Desde o in\u00edcio da JOFER, realizamos instala\u00e7\u00f5es no setor residencial em edif\u00edcios, resid\u00eancias unifamiliares. Neste caso, estamos realizando as instala\u00e7\u00f5es... <div class=\"clear\"><\/div><a href=\"https:\/\/jofer.pro\/pt\/nuevas-instalaciones-vivienda-unifamiiar-aguadulce\/\" class=\"excerpt-read-more\">Learn More<i class=\"fa fa-angle-double-right icon-double-angle-right\"><\/i><\/a><\/div>\n\t\t<\/div> <!-- blog content wrapper -->\n\t<\/div>\n<\/article><!-- #post --><\/div><\/div><div class=\"gdlr-item gdlr-blog-full\"><div class=\"gdlr-ux gdlr-blog-full-ux\">\n<article id=\"post-5549\" class=\"post-5549 post type-post status-publish format-standard has-post-thumbnail hentry category-blog category-blog-en category-blog-pt\">\n\t<div class=\"gdlr-standard-style\">\n\t\t\t\t<div class=\"gdlr-blog-thumbnail\">\n\t\t\t<a href=\"https:\/\/jofer.pro\/pt\/29-viviendas-la-vega-aca-almeria\/\"> <img loading=\"lazy\" decoding=\"async\" src=\"https:\/\/jofer.pro\/wp-content\/uploads\/2018\/11\/29-viviendas-1024x497.jpg\" alt=\"\" width=\"960\" height=\"466\" \/><\/a>\t\t<\/div>\n\t\t\n\t\t\n\t\t<div class=\"blog-content-wrapper\" >\n\t\t\t<header class=\"post-header\">\n\t\t\t\t<div class=\"gdlr-blog-info gdlr-info\"><div class=\"blog-info blog-date\"><i class=\"fa fa-calendar-o\"><\/i><a href=\"https:\/\/jofer.pro\/pt\/2019\/08\/04\/\">04 ago 2019<\/a><\/div><div class=\"blog-info blog-comment\"><i class=\"fa fa-comment-o\"><\/i><a href=\"https:\/\/jofer.pro\/pt\/29-viviendas-la-vega-aca-almeria\/#respond\" class=\"comments-link\" >0 Comments<\/a><\/div><div class=\"blog-info blog-category\"><i class=\"fa fa-folder-o\"><\/i><a href=\"https:\/\/jofer.pro\/pt\/category\/blog\/\" rel=\"tag\">Blog<\/a><span class=\"sep\">,<\/span> <a href=\"https:\/\/jofer.pro\/pt\/category\/blog-en\/\" rel=\"tag\">Blog en<\/a><span class=\"sep\">,<\/span> <a href=\"https:\/\/jofer.pro\/pt\/category\/blog-pt\/\" rel=\"tag\">Blog pt<\/a><\/div><div class=\"clear\"><\/div><\/div>\t\t\t\n\t\t\t\t\t\t\t\t\t<h3 class=\"gdlr-blog-title\"><a href=\"https:\/\/jofer.pro\/pt\/29-viviendas-la-vega-aca-almeria\/\">29 apartamentos em La Vega de Ac\u00e1 (Almeria)<\/a><\/h3>\n\t\t\t\t\t\n\t\t\t\t<div class=\"clear\"><\/div>\n\t\t\t<\/header><!-- entry-header -->\n\n\t\t\t<div class=\"gdlr-blog-content\">Na JOFER HVAC Engineering &amp; Services, j\u00e1 come\u00e7amos a execu\u00e7\u00e3o das instala\u00e7\u00f5es de ar condicionado de 29 resid\u00eancias localizadas na... <div class=\"clear\"><\/div><a href=\"https:\/\/jofer.pro\/pt\/29-viviendas-la-vega-aca-almeria\/\" class=\"excerpt-read-more\">Learn More<i class=\"fa fa-angle-double-right icon-double-angle-right\"><\/i><\/a><\/div>\n\t\t<\/div> <!-- blog content wrapper -->\n\t<\/div>\n<\/article><!-- #post --><\/div><\/div><div class=\"gdlr-item gdlr-blog-full\"><div class=\"gdlr-ux gdlr-blog-full-ux\">\n<article id=\"post-5545\" class=\"post-5545 post type-post status-publish format-standard has-post-thumbnail hentry category-blog category-blog-en category-blog-pt\">\n\t<div class=\"gdlr-standard-style\">\n\t\t\t\t<div class=\"gdlr-blog-thumbnail\">\n\t\t\t<a href=\"https:\/\/jofer.pro\/pt\/oportunidad-laboral-jofer-hvac-engineering-services\/\"> <img loading=\"lazy\" decoding=\"async\" src=\"https:\/\/jofer.pro\/wp-content\/uploads\/2018\/11\/fachada-jofer-1024x683-1024x683.jpg\" alt=\"\" width=\"960\" height=\"640\" \/><\/a>\t\t<\/div>\n\t\t\n\t\t\n\t\t<div class=\"blog-content-wrapper\" >\n\t\t\t<header class=\"post-header\">\n\t\t\t\t<div class=\"gdlr-blog-info gdlr-info\"><div class=\"blog-info blog-date\"><i class=\"fa fa-calendar-o\"><\/i><a href=\"https:\/\/jofer.pro\/pt\/2019\/06\/30\/\">30 jun 2019<\/a><\/div><div class=\"blog-info blog-comment\"><i class=\"fa fa-comment-o\"><\/i><a href=\"https:\/\/jofer.pro\/pt\/oportunidad-laboral-jofer-hvac-engineering-services\/#respond\" class=\"comments-link\" >0 Comments<\/a><\/div><div class=\"blog-info blog-category\"><i class=\"fa fa-folder-o\"><\/i><a href=\"https:\/\/jofer.pro\/pt\/category\/blog\/\" rel=\"tag\">Blog<\/a><span class=\"sep\">,<\/span> <a href=\"https:\/\/jofer.pro\/pt\/category\/blog-en\/\" rel=\"tag\">Blog en<\/a><span class=\"sep\">,<\/span> <a href=\"https:\/\/jofer.pro\/pt\/category\/blog-pt\/\" rel=\"tag\">Blog pt<\/a><\/div><div class=\"clear\"><\/div><\/div>\t\t\t\n\t\t\t\t\t\t\t\t\t<h3 class=\"gdlr-blog-title\"><a href=\"https:\/\/jofer.pro\/pt\/oportunidad-laboral-jofer-hvac-engineering-services\/\">(Espa\u00f1ol) Oportunidad Laboral en JOFER HVAC Engineering &#038; Services<\/a><\/h3>\n\t\t\t\t\t\n\t\t\t\t<div class=\"clear\"><\/div>\n\t\t\t<\/header><!-- entry-header -->\n\n\t\t\t<div class=\"gdlr-blog-content\">Desculpe, este conte\u00fado s\u00f3 est\u00e1 dispon\u00edvel em Espa\u00f1ol.<\/div>\n\t\t<\/div> <!-- blog content wrapper -->\n\t<\/div>\n<\/article><!-- #post --><\/div><\/div><div class=\"gdlr-item gdlr-blog-full\"><div class=\"gdlr-ux gdlr-blog-full-ux\">\n<article id=\"post-5539\" class=\"post-5539 post type-post status-publish format-standard has-post-thumbnail hentry category-blog category-blog-en category-blog-pt\">\n\t<div class=\"gdlr-standard-style\">\n\t\t\t\t<div class=\"gdlr-blog-thumbnail\">\n\t\t\t<a href=\"https:\/\/jofer.pro\/pt\/finalizamos-3-nuevos-locales-nuevo-centro-comercial-torrecardenas-almeria\/\"> <img loading=\"lazy\" decoding=\"async\" src=\"https:\/\/jofer.pro\/wp-content\/uploads\/2018\/10\/CC-Torrec\u00e1rdenas.png\" alt=\"\" width=\"904\" height=\"513\" \/><\/a>\t\t<\/div>\n\t\t\n\t\t\n\t\t<div class=\"blog-content-wrapper\" >\n\t\t\t<header class=\"post-header\">\n\t\t\t\t<div class=\"gdlr-blog-info gdlr-info\"><div class=\"blog-info blog-date\"><i class=\"fa fa-calendar-o\"><\/i><a href=\"https:\/\/jofer.pro\/pt\/2019\/06\/10\/\">10 jun 2019<\/a><\/div><div class=\"blog-info blog-comment\"><i class=\"fa fa-comment-o\"><\/i><a href=\"https:\/\/jofer.pro\/pt\/finalizamos-3-nuevos-locales-nuevo-centro-comercial-torrecardenas-almeria\/#respond\" class=\"comments-link\" >0 Comments<\/a><\/div><div class=\"blog-info blog-category\"><i class=\"fa fa-folder-o\"><\/i><a href=\"https:\/\/jofer.pro\/pt\/category\/blog\/\" rel=\"tag\">Blog<\/a><span class=\"sep\">,<\/span> <a href=\"https:\/\/jofer.pro\/pt\/category\/blog-en\/\" rel=\"tag\">Blog en<\/a><span class=\"sep\">,<\/span> <a href=\"https:\/\/jofer.pro\/pt\/category\/blog-pt\/\" rel=\"tag\">Blog pt<\/a><\/div><div class=\"clear\"><\/div><\/div>\t\t\t\n\t\t\t\t\t\t\t\t\t<h3 class=\"gdlr-blog-title\"><a href=\"https:\/\/jofer.pro\/pt\/finalizamos-3-nuevos-locales-nuevo-centro-comercial-torrecardenas-almeria\/\">(Espa\u00f1ol) Finalizamos 3 nuevos locales en el nuevo Centro Comercial Torrec\u00e1rdenas, Almer\u00eda<\/a><\/h3>\n\t\t\t\t\t\n\t\t\t\t<div class=\"clear\"><\/div>\n\t\t\t<\/header><!-- entry-header -->\n\n\t\t\t<div class=\"gdlr-blog-content\">Desculpe, este conte\u00fado s\u00f3 est\u00e1 dispon\u00edvel em Espa\u00f1ol.<\/div>\n\t\t<\/div> <!-- blog content wrapper -->\n\t<\/div>\n<\/article><!-- #post --><\/div><\/div><div class=\"gdlr-item gdlr-blog-full\"><div class=\"gdlr-ux gdlr-blog-full-ux\">\n<article id=\"post-5535\" class=\"post-5535 post type-post status-publish format-standard has-post-thumbnail hentry category-blog category-blog-en category-blog-pt\">\n\t<div class=\"gdlr-standard-style\">\n\t\t\t\t<div class=\"gdlr-blog-thumbnail\">\n\t\t\t<a href=\"https:\/\/jofer.pro\/pt\/asistencia-tecnica-programa-carlos-herrera-cope\/\"> <img loading=\"lazy\" decoding=\"async\" src=\"https:\/\/jofer.pro\/wp-content\/uploads\/2018\/10\/Carlos-Herrera-1024x768.jpg\" alt=\"\" width=\"960\" height=\"720\" \/><\/a>\t\t<\/div>\n\t\t\n\t\t\n\t\t<div class=\"blog-content-wrapper\" >\n\t\t\t<header class=\"post-header\">\n\t\t\t\t<div class=\"gdlr-blog-info gdlr-info\"><div class=\"blog-info blog-date\"><i class=\"fa fa-calendar-o\"><\/i><a href=\"https:\/\/jofer.pro\/pt\/2019\/05\/21\/\">21 mai 2019<\/a><\/div><div class=\"blog-info blog-comment\"><i class=\"fa fa-comment-o\"><\/i><a href=\"https:\/\/jofer.pro\/pt\/asistencia-tecnica-programa-carlos-herrera-cope\/#respond\" class=\"comments-link\" >0 Comments<\/a><\/div><div class=\"blog-info blog-category\"><i class=\"fa fa-folder-o\"><\/i><a href=\"https:\/\/jofer.pro\/pt\/category\/blog\/\" rel=\"tag\">Blog<\/a><span class=\"sep\">,<\/span> <a href=\"https:\/\/jofer.pro\/pt\/category\/blog-en\/\" rel=\"tag\">Blog en<\/a><span class=\"sep\">,<\/span> <a href=\"https:\/\/jofer.pro\/pt\/category\/blog-pt\/\" rel=\"tag\">Blog pt<\/a><\/div><div class=\"clear\"><\/div><\/div>\t\t\t\n\t\t\t\t\t\t\t\t\t<h3 class=\"gdlr-blog-title\"><a href=\"https:\/\/jofer.pro\/pt\/asistencia-tecnica-programa-carlos-herrera-cope\/\">(Espa\u00f1ol) Asistencia t\u00e9cnica en el programa de Carlos Herrera en Cope<\/a><\/h3>\n\t\t\t\t\t\n\t\t\t\t<div class=\"clear\"><\/div>\n\t\t\t<\/header><!-- entry-header -->\n\n\t\t\t<div class=\"gdlr-blog-content\">Desculpe, este conte\u00fado s\u00f3 est\u00e1 dispon\u00edvel em Espa\u00f1ol.<\/div>\n\t\t<\/div> <!-- blog content wrapper -->\n\t<\/div>\n<\/article><!-- #post --><\/div><\/div><div class=\"gdlr-item gdlr-blog-full\"><div class=\"gdlr-ux gdlr-blog-full-ux\">\n<article id=\"post-5531\" class=\"post-5531 post type-post status-publish format-standard has-post-thumbnail hentry category-blog category-blog-en category-blog-pt\">\n\t<div class=\"gdlr-standard-style\">\n\t\t\t\t<div class=\"gdlr-blog-thumbnail\">\n\t\t\t<a href=\"https:\/\/jofer.pro\/pt\/actualizacion-gerencia-urbanismo\/\"> <img loading=\"lazy\" decoding=\"async\" src=\"https:\/\/jofer.pro\/wp-content\/uploads\/2018\/10\/IMG-20181002-WA0000-1024x497.jpg\" alt=\"\" width=\"960\" height=\"466\" \/><\/a>\t\t<\/div>\n\t\t\n\t\t\n\t\t<div class=\"blog-content-wrapper\" >\n\t\t\t<header class=\"post-header\">\n\t\t\t\t<div class=\"gdlr-blog-info gdlr-info\"><div class=\"blog-info blog-date\"><i class=\"fa fa-calendar-o\"><\/i><a href=\"https:\/\/jofer.pro\/pt\/2019\/05\/02\/\">02 mai 2019<\/a><\/div><div class=\"blog-info blog-comment\"><i class=\"fa fa-comment-o\"><\/i><a href=\"https:\/\/jofer.pro\/pt\/actualizacion-gerencia-urbanismo\/#respond\" class=\"comments-link\" >0 Comments<\/a><\/div><div class=\"blog-info blog-category\"><i class=\"fa fa-folder-o\"><\/i><a href=\"https:\/\/jofer.pro\/pt\/category\/blog\/\" rel=\"tag\">Blog<\/a><span class=\"sep\">,<\/span> <a href=\"https:\/\/jofer.pro\/pt\/category\/blog-en\/\" rel=\"tag\">Blog en<\/a><span class=\"sep\">,<\/span> <a href=\"https:\/\/jofer.pro\/pt\/category\/blog-pt\/\" rel=\"tag\">Blog pt<\/a><\/div><div class=\"clear\"><\/div><\/div>\t\t\t\n\t\t\t\t\t\t\t\t\t<h3 class=\"gdlr-blog-title\"><a href=\"https:\/\/jofer.pro\/pt\/actualizacion-gerencia-urbanismo\/\">(Espa\u00f1ol) Actualizaci\u00f3n Gerencia de Urbanismo<\/a><\/h3>\n\t\t\t\t\t\n\t\t\t\t<div class=\"clear\"><\/div>\n\t\t\t<\/header><!-- entry-header -->\n\n\t\t\t<div class=\"gdlr-blog-content\">Desculpe, este conte\u00fado s\u00f3 est\u00e1 dispon\u00edvel em Espa\u00f1ol.<\/div>\n\t\t<\/div> <!-- blog content wrapper -->\n\t<\/div>\n<\/article><!-- #post --><\/div><\/div><div class=\"gdlr-item gdlr-blog-full\"><div class=\"gdlr-ux gdlr-blog-full-ux\">\n<article id=\"post-5524\" class=\"post-5524 post type-post status-publish format-standard has-post-thumbnail hentry category-blog category-blog-en category-blog-pt\">\n\t<div class=\"gdlr-standard-style\">\n\t\t\t\t<div class=\"gdlr-blog-thumbnail\">\n\t\t\t<a href=\"https:\/\/jofer.pro\/pt\/3-nuevos-locales-centro-comercial-torrecardenas\/\"> <img loading=\"lazy\" decoding=\"async\" src=\"https:\/\/jofer.pro\/wp-content\/uploads\/2018\/09\/20180926_161928-1024x498.jpg\" alt=\"\" width=\"960\" height=\"467\" \/><\/a>\t\t<\/div>\n\t\t\n\t\t\n\t\t<div class=\"blog-content-wrapper\" >\n\t\t\t<header class=\"post-header\">\n\t\t\t\t<div class=\"gdlr-blog-info gdlr-info\"><div class=\"blog-info blog-date\"><i class=\"fa fa-calendar-o\"><\/i><a href=\"https:\/\/jofer.pro\/pt\/2019\/04\/02\/\">02 abr 2019<\/a><\/div><div class=\"blog-info blog-comment\"><i class=\"fa fa-comment-o\"><\/i><a href=\"https:\/\/jofer.pro\/pt\/3-nuevos-locales-centro-comercial-torrecardenas\/#respond\" class=\"comments-link\" >0 Comments<\/a><\/div><div class=\"blog-info blog-category\"><i class=\"fa fa-folder-o\"><\/i><a href=\"https:\/\/jofer.pro\/pt\/category\/blog\/\" rel=\"tag\">Blog<\/a><span class=\"sep\">,<\/span> <a href=\"https:\/\/jofer.pro\/pt\/category\/blog-en\/\" rel=\"tag\">Blog en<\/a><span class=\"sep\">,<\/span> <a href=\"https:\/\/jofer.pro\/pt\/category\/blog-pt\/\" rel=\"tag\">Blog pt<\/a><\/div><div class=\"clear\"><\/div><\/div>\t\t\t\n\t\t\t\t\t\t\t\t\t<h3 class=\"gdlr-blog-title\"><a href=\"https:\/\/jofer.pro\/pt\/3-nuevos-locales-centro-comercial-torrecardenas\/\">(Espa\u00f1ol) 3 nuevos locales en el Centro Comercial Torrec\u00e1rdenas<\/a><\/h3>\n\t\t\t\t\t\n\t\t\t\t<div class=\"clear\"><\/div>\n\t\t\t<\/header><!-- entry-header -->\n\n\t\t\t<div class=\"gdlr-blog-content\">Desculpe, este conte\u00fado s\u00f3 est\u00e1 dispon\u00edvel em Espa\u00f1ol.<\/div>\n\t\t<\/div> <!-- blog content wrapper -->\n\t<\/div>\n<\/article><!-- #post --><\/div><\/div><div class=\"gdlr-item gdlr-blog-full\"><div class=\"gdlr-ux gdlr-blog-full-ux\">\n<article id=\"post-5520\" class=\"post-5520 post type-post status-publish format-standard has-post-thumbnail hentry category-blog category-blog-en category-blog-pt\">\n\t<div class=\"gdlr-standard-style\">\n\t\t\t\t<div class=\"gdlr-blog-thumbnail\">\n\t\t\t<a href=\"https:\/\/jofer.pro\/pt\/19-oficinas-correos-andalucia\/\"> <img loading=\"lazy\" decoding=\"async\" src=\"https:\/\/jofer.pro\/wp-content\/uploads\/2018\/09\/Oficina-Correos-1024x546.png\" alt=\"\" width=\"960\" height=\"512\" \/><\/a>\t\t<\/div>\n\t\t\n\t\t\n\t\t<div class=\"blog-content-wrapper\" >\n\t\t\t<header class=\"post-header\">\n\t\t\t\t<div class=\"gdlr-blog-info gdlr-info\"><div class=\"blog-info blog-date\"><i class=\"fa fa-calendar-o\"><\/i><a href=\"https:\/\/jofer.pro\/pt\/2019\/03\/19\/\">19 mar 2019<\/a><\/div><div class=\"blog-info blog-comment\"><i class=\"fa fa-comment-o\"><\/i><a href=\"https:\/\/jofer.pro\/pt\/19-oficinas-correos-andalucia\/#respond\" class=\"comments-link\" >0 Comments<\/a><\/div><div class=\"blog-info blog-category\"><i class=\"fa fa-folder-o\"><\/i><a href=\"https:\/\/jofer.pro\/pt\/category\/blog\/\" rel=\"tag\">Blog<\/a><span class=\"sep\">,<\/span> <a href=\"https:\/\/jofer.pro\/pt\/category\/blog-en\/\" rel=\"tag\">Blog en<\/a><span class=\"sep\">,<\/span> <a href=\"https:\/\/jofer.pro\/pt\/category\/blog-pt\/\" rel=\"tag\">Blog pt<\/a><\/div><div class=\"clear\"><\/div><\/div>\t\t\t\n\t\t\t\t\t\t\t\t\t<h3 class=\"gdlr-blog-title\"><a href=\"https:\/\/jofer.pro\/pt\/19-oficinas-correos-andalucia\/\">(Espa\u00f1ol) 19 Oficinas de Correos en Andaluc\u00eda<\/a><\/h3>\n\t\t\t\t\t\n\t\t\t\t<div class=\"clear\"><\/div>\n\t\t\t<\/header><!-- entry-header -->\n\n\t\t\t<div class=\"gdlr-blog-content\">Desculpe, este conte\u00fado s\u00f3 est\u00e1 dispon\u00edvel em Espa\u00f1ol.<\/div>\n\t\t<\/div> <!-- blog content wrapper -->\n\t<\/div>\n<\/article><!-- #post --><\/div><\/div><\/div><div class=\"gdlr-pagination\"><span aria-current=\"page\" class=\"page-numbers current\">1<\/span>\n<a class=\"page-numbers\" href=\"https:\/\/jofer.pro\/pt\/wp-json\/wp\/v2\/pages\/5000\/page\/2\/\">2<\/a>\n<a class=\"page-numbers\" href=\"https:\/\/jofer.pro\/pt\/wp-json\/wp\/v2\/pages\/5000\/page\/3\/\">3<\/a>\n<span class=\"page-numbers dots\">&hellip;<\/span>\n<a class=\"page-numbers\" href=\"https:\/\/jofer.pro\/pt\/wp-json\/wp\/v2\/pages\/5000\/page\/7\/\">7<\/a>\n<a class=\"next page-numbers\" href=\"https:\/\/jofer.pro\/pt\/wp-json\/wp\/v2\/pages\/5000\/page\/2\/\">Next &rsaquo;<\/a><\/div><\/div><\/div>\n<p><\/p>","protected":false},"excerpt":{"rendered":"","protected":false},"author":3,"featured_media":0,"parent":0,"menu_order":0,"comment_status":"closed","ping_status":"open","template":"","meta":{"footnotes":""},"class_list":["post-5000","page","type-page","status-publish","hentry"],"yoast_head":"<!-- This site is optimized with the Yoast SEO plugin v26.5 - https:\/\/yoast.com\/wordpress\/plugins\/seo\/ -->\n<title>Not\u00edcias - Jofer<\/title>\n<meta name=\"robots\" content=\"index, follow, max-snippet:-1, max-image-preview:large, max-video-preview:-1\" \/>\n<link rel=\"canonical\" href=\"https:\/\/jofer.pro\/en\/noticias\/\" \/>\n<meta property=\"og:locale\" content=\"pt_PT\" \/>\n<meta property=\"og:type\" content=\"article\" \/>\n<meta property=\"og:title\" content=\"Not\u00edcias - Jofer\" \/>\n<meta property=\"og:url\" content=\"https:\/\/jofer.pro\/en\/noticias\/\" \/>\n<meta property=\"og:site_name\" content=\"Jofer\" \/>\n<meta property=\"article:modified_time\" content=\"2018-02-02T14:17:12+00:00\" \/>\n<meta name=\"twitter:card\" content=\"summary_large_image\" \/>\n<script type=\"application\/ld+json\" class=\"yoast-schema-graph\">{\"@context\":\"https:\/\/schema.org\",\"@graph\":[{\"@type\":\"WebPage\",\"@id\":\"https:\/\/jofer.pro\/en\/noticias\/\",\"url\":\"https:\/\/jofer.pro\/en\/noticias\/\",\"name\":\"Not\u00edcias - Jofer\",\"isPartOf\":{\"@id\":\"https:\/\/jofer.pro\/#website\"},\"datePublished\":\"2018-02-02T13:10:15+00:00\",\"dateModified\":\"2018-02-02T14:17:12+00:00\",\"breadcrumb\":{\"@id\":\"https:\/\/jofer.pro\/en\/noticias\/#breadcrumb\"},\"inLanguage\":\"pt-PT\",\"potentialAction\":[{\"@type\":\"ReadAction\",\"target\":[\"https:\/\/jofer.pro\/en\/noticias\/\"]}]},{\"@type\":\"BreadcrumbList\",\"@id\":\"https:\/\/jofer.pro\/en\/noticias\/#breadcrumb\",\"itemListElement\":[{\"@type\":\"ListItem\",\"position\":1,\"name\":\"Portada\",\"item\":\"https:\/\/jofer.pro\/\"},{\"@type\":\"ListItem\",\"position\":2,\"name\":\"News\"}]},{\"@type\":\"WebSite\",\"@id\":\"https:\/\/jofer.pro\/#website\",\"url\":\"https:\/\/jofer.pro\/\",\"name\":\"Jofer\",\"description\":\"\",\"publisher\":{\"@id\":\"https:\/\/jofer.pro\/#organization\"},\"potentialAction\":[{\"@type\":\"SearchAction\",\"target\":{\"@type\":\"EntryPoint\",\"urlTemplate\":\"https:\/\/jofer.pro\/?s={search_term_string}\"},\"query-input\":{\"@type\":\"PropertyValueSpecification\",\"valueRequired\":true,\"valueName\":\"search_term_string\"}}],\"inLanguage\":\"pt-PT\"},{\"@type\":\"Organization\",\"@id\":\"https:\/\/jofer.pro\/#organization\",\"name\":\"Jofer\",\"url\":\"https:\/\/jofer.pro\/\",\"logo\":{\"@type\":\"ImageObject\",\"inLanguage\":\"pt-PT\",\"@id\":\"https:\/\/jofer.pro\/#\/schema\/logo\/image\/\",\"url\":\"https:\/\/jofer.pro\/wp-content\/uploads\/2017\/06\/Logotipo1.png\",\"contentUrl\":\"https:\/\/jofer.pro\/wp-content\/uploads\/2017\/06\/Logotipo1.png\",\"width\":496,\"height\":210,\"caption\":\"Jofer\"},\"image\":{\"@id\":\"https:\/\/jofer.pro\/#\/schema\/logo\/image\/\"},\"sameAs\":[\"https:\/\/www.linkedin.com\/in\/jose-maria-fernandez-ca\u00f1as-a80a7b21?ppe=1\"]}]}<\/script>\n<!-- \/ Yoast SEO plugin. -->","yoast_head_json":{"title":"Not\u00edcias - Jofer","robots":{"index":"index","follow":"follow","max-snippet":"max-snippet:-1","max-image-preview":"max-image-preview:large","max-video-preview":"max-video-preview:-1"},"canonical":"https:\/\/jofer.pro\/en\/noticias\/","og_locale":"pt_PT","og_type":"article","og_title":"Not\u00edcias - Jofer","og_url":"https:\/\/jofer.pro\/en\/noticias\/","og_site_name":"Jofer","article_modified_time":"2018-02-02T14:17:12+00:00","twitter_card":"summary_large_image","schema":{"@context":"https:\/\/schema.org","@graph":[{"@type":"WebPage","@id":"https:\/\/jofer.pro\/en\/noticias\/","url":"https:\/\/jofer.pro\/en\/noticias\/","name":"Not\u00edcias - Jofer","isPartOf":{"@id":"https:\/\/jofer.pro\/#website"},"datePublished":"2018-02-02T13:10:15+00:00","dateModified":"2018-02-02T14:17:12+00:00","breadcrumb":{"@id":"https:\/\/jofer.pro\/en\/noticias\/#breadcrumb"},"inLanguage":"pt-PT","potentialAction":[{"@type":"ReadAction","target":["https:\/\/jofer.pro\/en\/noticias\/"]}]},{"@type":"BreadcrumbList","@id":"https:\/\/jofer.pro\/en\/noticias\/#breadcrumb","itemListElement":[{"@type":"ListItem","position":1,"name":"Portada","item":"https:\/\/jofer.pro\/"},{"@type":"ListItem","position":2,"name":"News"}]},{"@type":"WebSite","@id":"https:\/\/jofer.pro\/#website","url":"https:\/\/jofer.pro\/","name":"Jofer","description":"","publisher":{"@id":"https:\/\/jofer.pro\/#organization"},"potentialAction":[{"@type":"SearchAction","target":{"@type":"EntryPoint","urlTemplate":"https:\/\/jofer.pro\/?s={search_term_string}"},"query-input":{"@type":"PropertyValueSpecification","valueRequired":true,"valueName":"search_term_string"}}],"inLanguage":"pt-PT"},{"@type":"Organization","@id":"https:\/\/jofer.pro\/#organization","name":"Jofer","url":"https:\/\/jofer.pro\/","logo":{"@type":"ImageObject","inLanguage":"pt-PT","@id":"https:\/\/jofer.pro\/#\/schema\/logo\/image\/","url":"https:\/\/jofer.pro\/wp-content\/uploads\/2017\/06\/Logotipo1.png","contentUrl":"https:\/\/jofer.pro\/wp-content\/uploads\/2017\/06\/Logotipo1.png","width":496,"height":210,"caption":"Jofer"},"image":{"@id":"https:\/\/jofer.pro\/#\/schema\/logo\/image\/"},"sameAs":["https:\/\/www.linkedin.com\/in\/jose-maria-fernandez-ca\u00f1as-a80a7b21?ppe=1"]}]}},"_links":{"self":[{"href":"https:\/\/jofer.pro\/pt\/wp-json\/wp\/v2\/pages\/5000","targetHints":{"allow":["GET"]}}],"collection":[{"href":"https:\/\/jofer.pro\/pt\/wp-json\/wp\/v2\/pages"}],"about":[{"href":"https:\/\/jofer.pro\/pt\/wp-json\/wp\/v2\/types\/page"}],"author":[{"embeddable":true,"href":"https:\/\/jofer.pro\/pt\/wp-json\/wp\/v2\/users\/3"}],"replies":[{"embeddable":true,"href":"https:\/\/jofer.pro\/pt\/wp-json\/wp\/v2\/comments?post=5000"}],"version-history":[{"count":10,"href":"https:\/\/jofer.pro\/pt\/wp-json\/wp\/v2\/pages\/5000\/revisions"}],"predecessor-version":[{"id":5023,"href":"https:\/\/jofer.pro\/pt\/wp-json\/wp\/v2\/pages\/5000\/revisions\/5023"}],"wp:attachment":[{"href":"https:\/\/jofer.pro\/pt\/wp-json\/wp\/v2\/media?parent=5000"}],"curies":[{"name":"wp","href":"https:\/\/api.w.org\/{rel}","templated":true}]}}